{"id":7232,"date":"2019-10-15T09:36:20","date_gmt":"2019-10-15T07:36:20","guid":{"rendered":"https:\/\/www.castagnasrl.com\/product\/robiola-3-latti\/"},"modified":"2019-11-11T10:34:56","modified_gmt":"2019-11-11T09:34:56","slug":"robiola-3-latti","status":"publish","type":"product","link":"https:\/\/www.castagnasrl.com\/fr\/produit\/robiola-3-latti\/","title":{"rendered":"ROBIOLA 3 LATTI"},"content":{"rendered":"<p>Cette robiola de la haute Langa Cuneese est produite utilisant les trois laits. Assaisonn\u00e9 15 jours elle pr\u00e9sente une peau rid\u00e9e et une p\u00e2te cr\u00e9meuse. En bouche elle est savoureuse, sapide et persistante.<\/p>\n","protected":false},"excerpt":{"rendered":"<p>Cette robiola de la haute Langa Cuneese est produite utilisant les trois laits. Assaisonn\u00e9 15 jours elle pr\u00e9sente une peau rid\u00e9e et une p\u00e2te cr\u00e9meuse<\/p>\n","protected":false},"featured_media":5334,"template":"","meta":{"_acf_changed":false},"product_brand":[],"product_cat":[55],"product_tag":[],"class_list":{"0":"post-7232","1":"product","2":"type-product","3":"status-publish","4":"has-post-thumbnail","6":"product_cat-traditionnel","8":"first","9":"instock","10":"product-type-simple"},"acf":[],"yoast_head":"<!-- This site is optimized with the Yoast SEO plugin v27.1 - https:\/\/yoast.com\/product\/yoast-seo-wordpress\/ -->\n<title>Robiola 3 latti | Castagna Formaggi<\/title>\n<meta name=\"description\" content=\"Cette robiola de la haute Langa Cuneese est produite utilisant les trois laits. Assaisonn\u00e9 15 jours elle pr\u00e9sente une peau rid\u00e9e et une p\u00e2te cr\u00e9meuse\" \/>\n<meta name=\"robots\" content=\"index, follow, max-snippet:-1, max-image-preview:large, max-video-preview:-1\" \/>\n<link rel=\"canonical\" href=\"https:\/\/www.castagnasrl.com\/fr\/produit\/robiola-3-latti\/\" \/>\n<meta property=\"og:locale\" content=\"fr_FR\" \/>\n<meta property=\"og:type\" content=\"article\" \/>\n<meta property=\"og:title\" content=\"Robiola 3 latti | Castagna Formaggi\" \/>\n<meta property=\"og:description\" content=\"Cette robiola de la haute Langa Cuneese est produite utilisant les trois laits. Assaisonn\u00e9 15 jours elle pr\u00e9sente une peau rid\u00e9e et une p\u00e2te cr\u00e9meuse\" \/>\n<meta property=\"og:url\" content=\"https:\/\/www.castagnasrl.com\/fr\/produit\/robiola-3-latti\/\" \/>\n<meta property=\"og:site_name\" content=\"Castagna Formaggi\" \/>\n<meta property=\"article:modified_time\" content=\"2019-11-11T09:34:56+00:00\" \/>\n<meta property=\"og:image\" content=\"https:\/\/www.castagnasrl.com\/wp-content\/uploads\/2019\/09\/robiola-3-latti-1.jpg\" \/>\n\t<meta property=\"og:image:width\" content=\"1338\" \/>\n\t<meta property=\"og:image:height\" content=\"1317\" \/>\n\t<meta property=\"og:image:type\" content=\"image\/jpeg\" \/>\n<meta name=\"twitter:card\" content=\"summary_large_image\" \/>\n<script type=\"application\/ld+json\" class=\"yoast-schema-graph\">{\"@context\":\"https:\/\/schema.org\",\"@graph\":[{\"@type\":\"WebPage\",\"@id\":\"https:\/\/www.castagnasrl.com\/fr\/produit\/robiola-3-latti\/\",\"url\":\"https:\/\/www.castagnasrl.com\/fr\/produit\/robiola-3-latti\/\",\"name\":\"Robiola 3 latti | Castagna Formaggi\",\"isPartOf\":{\"@id\":\"https:\/\/www.castagnasrl.com\/#website\"},\"primaryImageOfPage\":{\"@id\":\"https:\/\/www.castagnasrl.com\/fr\/produit\/robiola-3-latti\/#primaryimage\"},\"image\":{\"@id\":\"https:\/\/www.castagnasrl.com\/fr\/produit\/robiola-3-latti\/#primaryimage\"},\"thumbnailUrl\":\"https:\/\/www.castagnasrl.com\/wp-content\/uploads\/2019\/09\/robiola-3-latti-1.jpg\",\"datePublished\":\"2019-10-15T07:36:20+00:00\",\"dateModified\":\"2019-11-11T09:34:56+00:00\",\"description\":\"Cette robiola de la haute Langa Cuneese est produite utilisant les trois laits. Assaisonn\u00e9 15 jours elle pr\u00e9sente une peau rid\u00e9e et une p\u00e2te cr\u00e9meuse\",\"breadcrumb\":{\"@id\":\"https:\/\/www.castagnasrl.com\/fr\/produit\/robiola-3-latti\/#breadcrumb\"},\"inLanguage\":\"fr-FR\",\"potentialAction\":[{\"@type\":\"ReadAction\",\"target\":[\"https:\/\/www.castagnasrl.com\/fr\/produit\/robiola-3-latti\/\"]}]},{\"@type\":\"ImageObject\",\"inLanguage\":\"fr-FR\",\"@id\":\"https:\/\/www.castagnasrl.com\/fr\/produit\/robiola-3-latti\/#primaryimage\",\"url\":\"https:\/\/www.castagnasrl.com\/wp-content\/uploads\/2019\/09\/robiola-3-latti-1.jpg\",\"contentUrl\":\"https:\/\/www.castagnasrl.com\/wp-content\/uploads\/2019\/09\/robiola-3-latti-1.jpg\",\"width\":1338,\"height\":1317},{\"@type\":\"BreadcrumbList\",\"@id\":\"https:\/\/www.castagnasrl.com\/fr\/produit\/robiola-3-latti\/#breadcrumb\",\"itemListElement\":[{\"@type\":\"ListItem\",\"position\":1,\"name\":\"Home\",\"item\":\"https:\/\/www.castagnasrl.com\/fr\/\"},{\"@type\":\"ListItem\",\"position\":2,\"name\":\"ROBIOLA 3 LATTI\"}]},{\"@type\":\"WebSite\",\"@id\":\"https:\/\/www.castagnasrl.com\/#website\",\"url\":\"https:\/\/www.castagnasrl.com\/\",\"name\":\"Castagna Formaggi\",\"description\":\"\",\"potentialAction\":[{\"@type\":\"SearchAction\",\"target\":{\"@type\":\"EntryPoint\",\"urlTemplate\":\"https:\/\/www.castagnasrl.com\/?s={search_term_string}\"},\"query-input\":{\"@type\":\"PropertyValueSpecification\",\"valueRequired\":true,\"valueName\":\"search_term_string\"}}],\"inLanguage\":\"fr-FR\"}]}<\/script>\n<!-- \/ Yoast SEO plugin. -->","yoast_head_json":{"title":"Robiola 3 latti | Castagna Formaggi","description":"Cette robiola de la haute Langa Cuneese est produite utilisant les trois laits. Assaisonn\u00e9 15 jours elle pr\u00e9sente une peau rid\u00e9e et une p\u00e2te cr\u00e9meuse","robots":{"index":"index","follow":"follow","max-snippet":"max-snippet:-1","max-image-preview":"max-image-preview:large","max-video-preview":"max-video-preview:-1"},"canonical":"https:\/\/www.castagnasrl.com\/fr\/produit\/robiola-3-latti\/","og_locale":"fr_FR","og_type":"article","og_title":"Robiola 3 latti | Castagna Formaggi","og_description":"Cette robiola de la haute Langa Cuneese est produite utilisant les trois laits. Assaisonn\u00e9 15 jours elle pr\u00e9sente une peau rid\u00e9e et une p\u00e2te cr\u00e9meuse","og_url":"https:\/\/www.castagnasrl.com\/fr\/produit\/robiola-3-latti\/","og_site_name":"Castagna Formaggi","article_modified_time":"2019-11-11T09:34:56+00:00","og_image":[{"width":1338,"height":1317,"url":"https:\/\/www.castagnasrl.com\/wp-content\/uploads\/2019\/09\/robiola-3-latti-1.jpg","type":"image\/jpeg"}],"twitter_card":"summary_large_image","schema":{"@context":"https:\/\/schema.org","@graph":[{"@type":"WebPage","@id":"https:\/\/www.castagnasrl.com\/fr\/produit\/robiola-3-latti\/","url":"https:\/\/www.castagnasrl.com\/fr\/produit\/robiola-3-latti\/","name":"Robiola 3 latti | Castagna Formaggi","isPartOf":{"@id":"https:\/\/www.castagnasrl.com\/#website"},"primaryImageOfPage":{"@id":"https:\/\/www.castagnasrl.com\/fr\/produit\/robiola-3-latti\/#primaryimage"},"image":{"@id":"https:\/\/www.castagnasrl.com\/fr\/produit\/robiola-3-latti\/#primaryimage"},"thumbnailUrl":"https:\/\/www.castagnasrl.com\/wp-content\/uploads\/2019\/09\/robiola-3-latti-1.jpg","datePublished":"2019-10-15T07:36:20+00:00","dateModified":"2019-11-11T09:34:56+00:00","description":"Cette robiola de la haute Langa Cuneese est produite utilisant les trois laits. Assaisonn\u00e9 15 jours elle pr\u00e9sente une peau rid\u00e9e et une p\u00e2te cr\u00e9meuse","breadcrumb":{"@id":"https:\/\/www.castagnasrl.com\/fr\/produit\/robiola-3-latti\/#breadcrumb"},"inLanguage":"fr-FR","potentialAction":[{"@type":"ReadAction","target":["https:\/\/www.castagnasrl.com\/fr\/produit\/robiola-3-latti\/"]}]},{"@type":"ImageObject","inLanguage":"fr-FR","@id":"https:\/\/www.castagnasrl.com\/fr\/produit\/robiola-3-latti\/#primaryimage","url":"https:\/\/www.castagnasrl.com\/wp-content\/uploads\/2019\/09\/robiola-3-latti-1.jpg","contentUrl":"https:\/\/www.castagnasrl.com\/wp-content\/uploads\/2019\/09\/robiola-3-latti-1.jpg","width":1338,"height":1317},{"@type":"BreadcrumbList","@id":"https:\/\/www.castagnasrl.com\/fr\/produit\/robiola-3-latti\/#breadcrumb","itemListElement":[{"@type":"ListItem","position":1,"name":"Home","item":"https:\/\/www.castagnasrl.com\/fr\/"},{"@type":"ListItem","position":2,"name":"ROBIOLA 3 LATTI"}]},{"@type":"WebSite","@id":"https:\/\/www.castagnasrl.com\/#website","url":"https:\/\/www.castagnasrl.com\/","name":"Castagna Formaggi","description":"","potentialAction":[{"@type":"SearchAction","target":{"@type":"EntryPoint","urlTemplate":"https:\/\/www.castagnasrl.com\/?s={search_term_string}"},"query-input":{"@type":"PropertyValueSpecification","valueRequired":true,"valueName":"search_term_string"}}],"inLanguage":"fr-FR"}]}},"_links":{"self":[{"href":"https:\/\/www.castagnasrl.com\/fr\/wp-json\/wp\/v2\/product\/7232","targetHints":{"allow":["GET"]}}],"collection":[{"href":"https:\/\/www.castagnasrl.com\/fr\/wp-json\/wp\/v2\/product"}],"about":[{"href":"https:\/\/www.castagnasrl.com\/fr\/wp-json\/wp\/v2\/types\/product"}],"wp:featuredmedia":[{"embeddable":true,"href":"https:\/\/www.castagnasrl.com\/fr\/wp-json\/wp\/v2\/media\/5334"}],"wp:attachment":[{"href":"https:\/\/www.castagnasrl.com\/fr\/wp-json\/wp\/v2\/media?parent=7232"}],"wp:term":[{"taxonomy":"product_brand","embeddable":true,"href":"https:\/\/www.castagnasrl.com\/fr\/wp-json\/wp\/v2\/product_brand?post=7232"},{"taxonomy":"product_cat","embeddable":true,"href":"https:\/\/www.castagnasrl.com\/fr\/wp-json\/wp\/v2\/product_cat?post=7232"},{"taxonomy":"product_tag","embeddable":true,"href":"https:\/\/www.castagnasrl.com\/fr\/wp-json\/wp\/v2\/product_tag?post=7232"}],"curies":[{"name":"wp","href":"https:\/\/api.w.org\/{rel}","templated":true}]}}