{"id":7188,"date":"2019-10-15T09:36:20","date_gmt":"2019-10-15T07:36:20","guid":{"rendered":"https:\/\/www.castagnasrl.com\/product\/robiola-tabacchina\/"},"modified":"2019-11-11T10:37:13","modified_gmt":"2019-11-11T09:37:13","slug":"robiola-tabacchina","status":"publish","type":"product","link":"https:\/\/www.castagnasrl.com\/fr\/produit\/robiola-tabacchina\/","title":{"rendered":"ROBIOLA TABACCHINA"},"content":{"rendered":"<p>Fromage \u00e0 p\u00e2te molle produit avec lait de ch\u00e8vre cru. Il est vieilli dans des feuilles de tabac Kentucky qui donnent au fromage une cro\u00fbte brun\u00e2tre. La p\u00e2te est cr\u00e9meuse et le go\u00fbt intense.<\/p>\n","protected":false},"excerpt":{"rendered":"<p>Fromage \u00e0 p\u00e2te molle produit avec lait de ch\u00e8vre cru. Il est vieilli dans des feuilles de tabac Kentucky qui donnent au fromage une cro\u00fbte brun\u00e2tre et un go\u00fbt intense.<\/p>\n","protected":false},"featured_media":5442,"template":"","meta":{"_acf_changed":false},"product_brand":[],"product_cat":[55],"product_tag":[],"class_list":{"0":"post-7188","1":"product","2":"type-product","3":"status-publish","4":"has-post-thumbnail","6":"product_cat-traditionnel","8":"first","9":"instock","10":"product-type-simple"},"acf":[],"yoast_head":"<!-- This site is optimized with the Yoast SEO plugin v27.1 - https:\/\/yoast.com\/product\/yoast-seo-wordpress\/ -->\n<title>Robiola tabacchina | Castagna Formaggi<\/title>\n<meta name=\"description\" content=\"Fromage \u00e0 p\u00e2te molle produit avec lait de ch\u00e8vre cru. Il est vieilli dans des feuilles de tabac Kentucky qui donnent au fromage une cro\u00fbte brun\u00e2tre et un go\u00fbt intense.\" \/>\n<meta name=\"robots\" content=\"index, follow, max-snippet:-1, max-image-preview:large, max-video-preview:-1\" \/>\n<link rel=\"canonical\" href=\"https:\/\/www.castagnasrl.com\/fr\/produit\/robiola-tabacchina\/\" \/>\n<meta property=\"og:locale\" content=\"fr_FR\" \/>\n<meta property=\"og:type\" content=\"article\" \/>\n<meta property=\"og:title\" content=\"Robiola tabacchina | Castagna Formaggi\" \/>\n<meta property=\"og:description\" content=\"Fromage \u00e0 p\u00e2te molle produit avec lait de ch\u00e8vre cru. Il est vieilli dans des feuilles de tabac Kentucky qui donnent au fromage une cro\u00fbte brun\u00e2tre et un go\u00fbt intense.\" \/>\n<meta property=\"og:url\" content=\"https:\/\/www.castagnasrl.com\/fr\/produit\/robiola-tabacchina\/\" \/>\n<meta property=\"og:site_name\" content=\"Castagna Formaggi\" \/>\n<meta property=\"article:modified_time\" content=\"2019-11-11T09:37:13+00:00\" \/>\n<meta property=\"og:image\" content=\"https:\/\/www.castagnasrl.com\/wp-content\/uploads\/2019\/09\/ROBIOLA-TABACCHINA-1.jpg\" \/>\n\t<meta property=\"og:image:width\" content=\"413\" \/>\n\t<meta property=\"og:image:height\" content=\"276\" \/>\n\t<meta property=\"og:image:type\" content=\"image\/jpeg\" \/>\n<meta name=\"twitter:card\" content=\"summary_large_image\" \/>\n<script type=\"application\/ld+json\" class=\"yoast-schema-graph\">{\"@context\":\"https:\/\/schema.org\",\"@graph\":[{\"@type\":\"WebPage\",\"@id\":\"https:\/\/www.castagnasrl.com\/fr\/produit\/robiola-tabacchina\/\",\"url\":\"https:\/\/www.castagnasrl.com\/fr\/produit\/robiola-tabacchina\/\",\"name\":\"Robiola tabacchina | Castagna Formaggi\",\"isPartOf\":{\"@id\":\"https:\/\/www.castagnasrl.com\/#website\"},\"primaryImageOfPage\":{\"@id\":\"https:\/\/www.castagnasrl.com\/fr\/produit\/robiola-tabacchina\/#primaryimage\"},\"image\":{\"@id\":\"https:\/\/www.castagnasrl.com\/fr\/produit\/robiola-tabacchina\/#primaryimage\"},\"thumbnailUrl\":\"https:\/\/www.castagnasrl.com\/wp-content\/uploads\/2019\/09\/ROBIOLA-TABACCHINA-1.jpg\",\"datePublished\":\"2019-10-15T07:36:20+00:00\",\"dateModified\":\"2019-11-11T09:37:13+00:00\",\"description\":\"Fromage \u00e0 p\u00e2te molle produit avec lait de ch\u00e8vre cru. Il est vieilli dans des feuilles de tabac Kentucky qui donnent au fromage une cro\u00fbte brun\u00e2tre et un go\u00fbt intense.\",\"breadcrumb\":{\"@id\":\"https:\/\/www.castagnasrl.com\/fr\/produit\/robiola-tabacchina\/#breadcrumb\"},\"inLanguage\":\"fr-FR\",\"potentialAction\":[{\"@type\":\"ReadAction\",\"target\":[\"https:\/\/www.castagnasrl.com\/fr\/produit\/robiola-tabacchina\/\"]}]},{\"@type\":\"ImageObject\",\"inLanguage\":\"fr-FR\",\"@id\":\"https:\/\/www.castagnasrl.com\/fr\/produit\/robiola-tabacchina\/#primaryimage\",\"url\":\"https:\/\/www.castagnasrl.com\/wp-content\/uploads\/2019\/09\/ROBIOLA-TABACCHINA-1.jpg\",\"contentUrl\":\"https:\/\/www.castagnasrl.com\/wp-content\/uploads\/2019\/09\/ROBIOLA-TABACCHINA-1.jpg\",\"width\":413,\"height\":276},{\"@type\":\"BreadcrumbList\",\"@id\":\"https:\/\/www.castagnasrl.com\/fr\/produit\/robiola-tabacchina\/#breadcrumb\",\"itemListElement\":[{\"@type\":\"ListItem\",\"position\":1,\"name\":\"Home\",\"item\":\"https:\/\/www.castagnasrl.com\/fr\/\"},{\"@type\":\"ListItem\",\"position\":2,\"name\":\"ROBIOLA TABACCHINA\"}]},{\"@type\":\"WebSite\",\"@id\":\"https:\/\/www.castagnasrl.com\/#website\",\"url\":\"https:\/\/www.castagnasrl.com\/\",\"name\":\"Castagna Formaggi\",\"description\":\"\",\"potentialAction\":[{\"@type\":\"SearchAction\",\"target\":{\"@type\":\"EntryPoint\",\"urlTemplate\":\"https:\/\/www.castagnasrl.com\/?s={search_term_string}\"},\"query-input\":{\"@type\":\"PropertyValueSpecification\",\"valueRequired\":true,\"valueName\":\"search_term_string\"}}],\"inLanguage\":\"fr-FR\"}]}<\/script>\n<!-- \/ Yoast SEO plugin. -->","yoast_head_json":{"title":"Robiola tabacchina | Castagna Formaggi","description":"Fromage \u00e0 p\u00e2te molle produit avec lait de ch\u00e8vre cru. Il est vieilli dans des feuilles de tabac Kentucky qui donnent au fromage une cro\u00fbte brun\u00e2tre et un go\u00fbt intense.","robots":{"index":"index","follow":"follow","max-snippet":"max-snippet:-1","max-image-preview":"max-image-preview:large","max-video-preview":"max-video-preview:-1"},"canonical":"https:\/\/www.castagnasrl.com\/fr\/produit\/robiola-tabacchina\/","og_locale":"fr_FR","og_type":"article","og_title":"Robiola tabacchina | Castagna Formaggi","og_description":"Fromage \u00e0 p\u00e2te molle produit avec lait de ch\u00e8vre cru. Il est vieilli dans des feuilles de tabac Kentucky qui donnent au fromage une cro\u00fbte brun\u00e2tre et un go\u00fbt intense.","og_url":"https:\/\/www.castagnasrl.com\/fr\/produit\/robiola-tabacchina\/","og_site_name":"Castagna Formaggi","article_modified_time":"2019-11-11T09:37:13+00:00","og_image":[{"width":413,"height":276,"url":"https:\/\/www.castagnasrl.com\/wp-content\/uploads\/2019\/09\/ROBIOLA-TABACCHINA-1.jpg","type":"image\/jpeg"}],"twitter_card":"summary_large_image","schema":{"@context":"https:\/\/schema.org","@graph":[{"@type":"WebPage","@id":"https:\/\/www.castagnasrl.com\/fr\/produit\/robiola-tabacchina\/","url":"https:\/\/www.castagnasrl.com\/fr\/produit\/robiola-tabacchina\/","name":"Robiola tabacchina | Castagna Formaggi","isPartOf":{"@id":"https:\/\/www.castagnasrl.com\/#website"},"primaryImageOfPage":{"@id":"https:\/\/www.castagnasrl.com\/fr\/produit\/robiola-tabacchina\/#primaryimage"},"image":{"@id":"https:\/\/www.castagnasrl.com\/fr\/produit\/robiola-tabacchina\/#primaryimage"},"thumbnailUrl":"https:\/\/www.castagnasrl.com\/wp-content\/uploads\/2019\/09\/ROBIOLA-TABACCHINA-1.jpg","datePublished":"2019-10-15T07:36:20+00:00","dateModified":"2019-11-11T09:37:13+00:00","description":"Fromage \u00e0 p\u00e2te molle produit avec lait de ch\u00e8vre cru. Il est vieilli dans des feuilles de tabac Kentucky qui donnent au fromage une cro\u00fbte brun\u00e2tre et un go\u00fbt intense.","breadcrumb":{"@id":"https:\/\/www.castagnasrl.com\/fr\/produit\/robiola-tabacchina\/#breadcrumb"},"inLanguage":"fr-FR","potentialAction":[{"@type":"ReadAction","target":["https:\/\/www.castagnasrl.com\/fr\/produit\/robiola-tabacchina\/"]}]},{"@type":"ImageObject","inLanguage":"fr-FR","@id":"https:\/\/www.castagnasrl.com\/fr\/produit\/robiola-tabacchina\/#primaryimage","url":"https:\/\/www.castagnasrl.com\/wp-content\/uploads\/2019\/09\/ROBIOLA-TABACCHINA-1.jpg","contentUrl":"https:\/\/www.castagnasrl.com\/wp-content\/uploads\/2019\/09\/ROBIOLA-TABACCHINA-1.jpg","width":413,"height":276},{"@type":"BreadcrumbList","@id":"https:\/\/www.castagnasrl.com\/fr\/produit\/robiola-tabacchina\/#breadcrumb","itemListElement":[{"@type":"ListItem","position":1,"name":"Home","item":"https:\/\/www.castagnasrl.com\/fr\/"},{"@type":"ListItem","position":2,"name":"ROBIOLA TABACCHINA"}]},{"@type":"WebSite","@id":"https:\/\/www.castagnasrl.com\/#website","url":"https:\/\/www.castagnasrl.com\/","name":"Castagna Formaggi","description":"","potentialAction":[{"@type":"SearchAction","target":{"@type":"EntryPoint","urlTemplate":"https:\/\/www.castagnasrl.com\/?s={search_term_string}"},"query-input":{"@type":"PropertyValueSpecification","valueRequired":true,"valueName":"search_term_string"}}],"inLanguage":"fr-FR"}]}},"_links":{"self":[{"href":"https:\/\/www.castagnasrl.com\/fr\/wp-json\/wp\/v2\/product\/7188","targetHints":{"allow":["GET"]}}],"collection":[{"href":"https:\/\/www.castagnasrl.com\/fr\/wp-json\/wp\/v2\/product"}],"about":[{"href":"https:\/\/www.castagnasrl.com\/fr\/wp-json\/wp\/v2\/types\/product"}],"wp:featuredmedia":[{"embeddable":true,"href":"https:\/\/www.castagnasrl.com\/fr\/wp-json\/wp\/v2\/media\/5442"}],"wp:attachment":[{"href":"https:\/\/www.castagnasrl.com\/fr\/wp-json\/wp\/v2\/media?parent=7188"}],"wp:term":[{"taxonomy":"product_brand","embeddable":true,"href":"https:\/\/www.castagnasrl.com\/fr\/wp-json\/wp\/v2\/product_brand?post=7188"},{"taxonomy":"product_cat","embeddable":true,"href":"https:\/\/www.castagnasrl.com\/fr\/wp-json\/wp\/v2\/product_cat?post=7188"},{"taxonomy":"product_tag","embeddable":true,"href":"https:\/\/www.castagnasrl.com\/fr\/wp-json\/wp\/v2\/product_tag?post=7188"}],"curies":[{"name":"wp","href":"https:\/\/api.w.org\/{rel}","templated":true}]}}