{"id":7185,"date":"2019-09-10T15:14:00","date_gmt":"2019-09-10T13:14:00","guid":{"rendered":"https:\/\/www.castagnasrl.com\/product\/fior-di-luppolo\/"},"modified":"2019-11-15T10:23:43","modified_gmt":"2019-11-15T09:23:43","slug":"fior-di-luppolo","status":"publish","type":"product","link":"https:\/\/www.castagnasrl.com\/fr\/produit\/fior-di-luppolo\/","title":{"rendered":"FIOR DI LUPPOLO"},"content":{"rendered":"<p>Fromage au lait de vache, cro\u00fbte lav\u00e9e, vieilli en cro\u00fbte avec de la bi\u00e8re artisanale. La p\u00e2te est molle, fondante et de couleur blanc paille. En bouche intriguant.<\/p>\n","protected":false},"excerpt":{"rendered":"<p>Fromage au lait de vache, cro\u00fbte lav\u00e9e, vieilli en cro\u00fbte avec de la bi\u00e8re artisanale. La p\u00e2te est molle, fondante et de couleur blanc paille. En bouche intriguant.<\/p>\n","protected":false},"featured_media":5544,"template":"","meta":{"_acf_changed":false},"product_brand":[],"product_cat":[55],"product_tag":[],"class_list":{"0":"post-7185","1":"product","2":"type-product","3":"status-publish","4":"has-post-thumbnail","6":"product_cat-traditionnel","8":"first","9":"instock","10":"product-type-simple"},"acf":[],"yoast_head":"<!-- This site is optimized with the Yoast SEO plugin v27.1 - https:\/\/yoast.com\/product\/yoast-seo-wordpress\/ -->\n<title>Fior di luppolo| Castagna Formaggi<\/title>\n<meta name=\"description\" content=\"Fromage au lait de vache, cro\u00fbte lav\u00e9e, vieilli en cro\u00fbte avec de la bi\u00e8re artisanale. La p\u00e2te est molle, fondante et de couleur blanc paille. En bouche intriguant.\" \/>\n<meta name=\"robots\" content=\"index, follow, max-snippet:-1, max-image-preview:large, max-video-preview:-1\" \/>\n<link rel=\"canonical\" href=\"https:\/\/www.castagnasrl.com\/fr\/produit\/fior-di-luppolo\/\" \/>\n<meta property=\"og:locale\" content=\"fr_FR\" \/>\n<meta property=\"og:type\" content=\"article\" \/>\n<meta property=\"og:title\" content=\"Fior di luppolo| Castagna Formaggi\" \/>\n<meta property=\"og:description\" content=\"Fromage au lait de vache, cro\u00fbte lav\u00e9e, vieilli en cro\u00fbte avec de la bi\u00e8re artisanale. La p\u00e2te est molle, fondante et de couleur blanc paille. En bouche intriguant.\" \/>\n<meta property=\"og:url\" content=\"https:\/\/www.castagnasrl.com\/fr\/produit\/fior-di-luppolo\/\" \/>\n<meta property=\"og:site_name\" content=\"Castagna Formaggi\" \/>\n<meta property=\"article:modified_time\" content=\"2019-11-15T09:23:43+00:00\" \/>\n<meta property=\"og:image\" content=\"https:\/\/www.castagnasrl.com\/wp-content\/uploads\/2019\/09\/FIOR-DI-LUPPOLO-1.jpg\" \/>\n\t<meta property=\"og:image:width\" content=\"1210\" \/>\n\t<meta property=\"og:image:height\" content=\"829\" \/>\n\t<meta property=\"og:image:type\" content=\"image\/jpeg\" \/>\n<meta name=\"twitter:card\" content=\"summary_large_image\" \/>\n<script type=\"application\/ld+json\" class=\"yoast-schema-graph\">{\"@context\":\"https:\/\/schema.org\",\"@graph\":[{\"@type\":\"WebPage\",\"@id\":\"https:\/\/www.castagnasrl.com\/fr\/produit\/fior-di-luppolo\/\",\"url\":\"https:\/\/www.castagnasrl.com\/fr\/produit\/fior-di-luppolo\/\",\"name\":\"Fior di luppolo| Castagna Formaggi\",\"isPartOf\":{\"@id\":\"https:\/\/www.castagnasrl.com\/#website\"},\"primaryImageOfPage\":{\"@id\":\"https:\/\/www.castagnasrl.com\/fr\/produit\/fior-di-luppolo\/#primaryimage\"},\"image\":{\"@id\":\"https:\/\/www.castagnasrl.com\/fr\/produit\/fior-di-luppolo\/#primaryimage\"},\"thumbnailUrl\":\"https:\/\/www.castagnasrl.com\/wp-content\/uploads\/2019\/09\/FIOR-DI-LUPPOLO-1.jpg\",\"datePublished\":\"2019-09-10T13:14:00+00:00\",\"dateModified\":\"2019-11-15T09:23:43+00:00\",\"description\":\"Fromage au lait de vache, cro\u00fbte lav\u00e9e, vieilli en cro\u00fbte avec de la bi\u00e8re artisanale. La p\u00e2te est molle, fondante et de couleur blanc paille. En bouche intriguant.\",\"breadcrumb\":{\"@id\":\"https:\/\/www.castagnasrl.com\/fr\/produit\/fior-di-luppolo\/#breadcrumb\"},\"inLanguage\":\"fr-FR\",\"potentialAction\":[{\"@type\":\"ReadAction\",\"target\":[\"https:\/\/www.castagnasrl.com\/fr\/produit\/fior-di-luppolo\/\"]}]},{\"@type\":\"ImageObject\",\"inLanguage\":\"fr-FR\",\"@id\":\"https:\/\/www.castagnasrl.com\/fr\/produit\/fior-di-luppolo\/#primaryimage\",\"url\":\"https:\/\/www.castagnasrl.com\/wp-content\/uploads\/2019\/09\/FIOR-DI-LUPPOLO-1.jpg\",\"contentUrl\":\"https:\/\/www.castagnasrl.com\/wp-content\/uploads\/2019\/09\/FIOR-DI-LUPPOLO-1.jpg\",\"width\":1210,\"height\":829},{\"@type\":\"BreadcrumbList\",\"@id\":\"https:\/\/www.castagnasrl.com\/fr\/produit\/fior-di-luppolo\/#breadcrumb\",\"itemListElement\":[{\"@type\":\"ListItem\",\"position\":1,\"name\":\"Home\",\"item\":\"https:\/\/www.castagnasrl.com\/fr\/\"},{\"@type\":\"ListItem\",\"position\":2,\"name\":\"FIOR DI LUPPOLO\"}]},{\"@type\":\"WebSite\",\"@id\":\"https:\/\/www.castagnasrl.com\/#website\",\"url\":\"https:\/\/www.castagnasrl.com\/\",\"name\":\"Castagna Formaggi\",\"description\":\"\",\"potentialAction\":[{\"@type\":\"SearchAction\",\"target\":{\"@type\":\"EntryPoint\",\"urlTemplate\":\"https:\/\/www.castagnasrl.com\/?s={search_term_string}\"},\"query-input\":{\"@type\":\"PropertyValueSpecification\",\"valueRequired\":true,\"valueName\":\"search_term_string\"}}],\"inLanguage\":\"fr-FR\"}]}<\/script>\n<!-- \/ Yoast SEO plugin. -->","yoast_head_json":{"title":"Fior di luppolo| Castagna Formaggi","description":"Fromage au lait de vache, cro\u00fbte lav\u00e9e, vieilli en cro\u00fbte avec de la bi\u00e8re artisanale. La p\u00e2te est molle, fondante et de couleur blanc paille. En bouche intriguant.","robots":{"index":"index","follow":"follow","max-snippet":"max-snippet:-1","max-image-preview":"max-image-preview:large","max-video-preview":"max-video-preview:-1"},"canonical":"https:\/\/www.castagnasrl.com\/fr\/produit\/fior-di-luppolo\/","og_locale":"fr_FR","og_type":"article","og_title":"Fior di luppolo| Castagna Formaggi","og_description":"Fromage au lait de vache, cro\u00fbte lav\u00e9e, vieilli en cro\u00fbte avec de la bi\u00e8re artisanale. La p\u00e2te est molle, fondante et de couleur blanc paille. En bouche intriguant.","og_url":"https:\/\/www.castagnasrl.com\/fr\/produit\/fior-di-luppolo\/","og_site_name":"Castagna Formaggi","article_modified_time":"2019-11-15T09:23:43+00:00","og_image":[{"width":1210,"height":829,"url":"https:\/\/www.castagnasrl.com\/wp-content\/uploads\/2019\/09\/FIOR-DI-LUPPOLO-1.jpg","type":"image\/jpeg"}],"twitter_card":"summary_large_image","schema":{"@context":"https:\/\/schema.org","@graph":[{"@type":"WebPage","@id":"https:\/\/www.castagnasrl.com\/fr\/produit\/fior-di-luppolo\/","url":"https:\/\/www.castagnasrl.com\/fr\/produit\/fior-di-luppolo\/","name":"Fior di luppolo| Castagna Formaggi","isPartOf":{"@id":"https:\/\/www.castagnasrl.com\/#website"},"primaryImageOfPage":{"@id":"https:\/\/www.castagnasrl.com\/fr\/produit\/fior-di-luppolo\/#primaryimage"},"image":{"@id":"https:\/\/www.castagnasrl.com\/fr\/produit\/fior-di-luppolo\/#primaryimage"},"thumbnailUrl":"https:\/\/www.castagnasrl.com\/wp-content\/uploads\/2019\/09\/FIOR-DI-LUPPOLO-1.jpg","datePublished":"2019-09-10T13:14:00+00:00","dateModified":"2019-11-15T09:23:43+00:00","description":"Fromage au lait de vache, cro\u00fbte lav\u00e9e, vieilli en cro\u00fbte avec de la bi\u00e8re artisanale. La p\u00e2te est molle, fondante et de couleur blanc paille. En bouche intriguant.","breadcrumb":{"@id":"https:\/\/www.castagnasrl.com\/fr\/produit\/fior-di-luppolo\/#breadcrumb"},"inLanguage":"fr-FR","potentialAction":[{"@type":"ReadAction","target":["https:\/\/www.castagnasrl.com\/fr\/produit\/fior-di-luppolo\/"]}]},{"@type":"ImageObject","inLanguage":"fr-FR","@id":"https:\/\/www.castagnasrl.com\/fr\/produit\/fior-di-luppolo\/#primaryimage","url":"https:\/\/www.castagnasrl.com\/wp-content\/uploads\/2019\/09\/FIOR-DI-LUPPOLO-1.jpg","contentUrl":"https:\/\/www.castagnasrl.com\/wp-content\/uploads\/2019\/09\/FIOR-DI-LUPPOLO-1.jpg","width":1210,"height":829},{"@type":"BreadcrumbList","@id":"https:\/\/www.castagnasrl.com\/fr\/produit\/fior-di-luppolo\/#breadcrumb","itemListElement":[{"@type":"ListItem","position":1,"name":"Home","item":"https:\/\/www.castagnasrl.com\/fr\/"},{"@type":"ListItem","position":2,"name":"FIOR DI LUPPOLO"}]},{"@type":"WebSite","@id":"https:\/\/www.castagnasrl.com\/#website","url":"https:\/\/www.castagnasrl.com\/","name":"Castagna Formaggi","description":"","potentialAction":[{"@type":"SearchAction","target":{"@type":"EntryPoint","urlTemplate":"https:\/\/www.castagnasrl.com\/?s={search_term_string}"},"query-input":{"@type":"PropertyValueSpecification","valueRequired":true,"valueName":"search_term_string"}}],"inLanguage":"fr-FR"}]}},"_links":{"self":[{"href":"https:\/\/www.castagnasrl.com\/fr\/wp-json\/wp\/v2\/product\/7185","targetHints":{"allow":["GET"]}}],"collection":[{"href":"https:\/\/www.castagnasrl.com\/fr\/wp-json\/wp\/v2\/product"}],"about":[{"href":"https:\/\/www.castagnasrl.com\/fr\/wp-json\/wp\/v2\/types\/product"}],"wp:featuredmedia":[{"embeddable":true,"href":"https:\/\/www.castagnasrl.com\/fr\/wp-json\/wp\/v2\/media\/5544"}],"wp:attachment":[{"href":"https:\/\/www.castagnasrl.com\/fr\/wp-json\/wp\/v2\/media?parent=7185"}],"wp:term":[{"taxonomy":"product_brand","embeddable":true,"href":"https:\/\/www.castagnasrl.com\/fr\/wp-json\/wp\/v2\/product_brand?post=7185"},{"taxonomy":"product_cat","embeddable":true,"href":"https:\/\/www.castagnasrl.com\/fr\/wp-json\/wp\/v2\/product_cat?post=7185"},{"taxonomy":"product_tag","embeddable":true,"href":"https:\/\/www.castagnasrl.com\/fr\/wp-json\/wp\/v2\/product_tag?post=7185"}],"curies":[{"name":"wp","href":"https:\/\/api.w.org\/{rel}","templated":true}]}}