{"id":7174,"date":"2019-10-15T09:39:10","date_gmt":"2019-10-15T07:39:10","guid":{"rendered":"https:\/\/www.castagnasrl.com\/product\/salva-cremasco-dop\/"},"modified":"2019-11-11T10:38:49","modified_gmt":"2019-11-11T09:38:49","slug":"salva-cremasco-d-o-p","status":"publish","type":"product","link":"https:\/\/www.castagnasrl.com\/fr\/produit\/salva-cremasco-d-o-p\/","title":{"rendered":"SALVA CREMASCO D.O.P."},"content":{"rendered":"<p>Fromage \u00e0 p\u00e2te crue et compacte produit avec lait de vache entier, \u00e0 cro\u00fbte lav\u00e9e. La p\u00e2te tende \u00e0 \u00eatre friable et la saveur est aromatique et intense en fonction de l&rsquo;assaisonnement.<\/p>\n","protected":false},"excerpt":{"rendered":"<p>Fromage \u00e0 p\u00e2te crue et compacte produit avec lait de vache entier, \u00e0 cro\u00fbte lav\u00e9e. La p\u00e2te tende \u00e0 \u00eatre friable et la saveur est aromatique et intense en fonction de l&rsquo;assaisonnement.<\/p>\n","protected":false},"featured_media":5517,"template":"","meta":{"_acf_changed":false},"product_brand":[],"product_cat":[55],"product_tag":[],"class_list":{"0":"post-7174","1":"product","2":"type-product","3":"status-publish","4":"has-post-thumbnail","6":"product_cat-traditionnel","8":"first","9":"instock","10":"product-type-simple"},"acf":[],"yoast_head":"<!-- This site is optimized with the Yoast SEO plugin v27.1 - https:\/\/yoast.com\/product\/yoast-seo-wordpress\/ -->\n<title>Salva cremasco DOP | Castagna Formaggi<\/title>\n<meta name=\"description\" content=\"Fromage \u00e0 p\u00e2te crue et compacte produit avec lait de vache entier, \u00e0 cro\u00fbte lav\u00e9e. La p\u00e2te tende \u00e0 \u00eatre friable et la saveur est aromatique et intense en fonction de l&#039;assaisonnement.\" \/>\n<meta name=\"robots\" content=\"index, follow, max-snippet:-1, max-image-preview:large, max-video-preview:-1\" \/>\n<link rel=\"canonical\" href=\"https:\/\/www.castagnasrl.com\/fr\/produit\/salva-cremasco-d-o-p\/\" \/>\n<meta property=\"og:locale\" content=\"fr_FR\" \/>\n<meta property=\"og:type\" content=\"article\" \/>\n<meta property=\"og:title\" content=\"Salva cremasco DOP | Castagna Formaggi\" \/>\n<meta property=\"og:description\" content=\"Fromage \u00e0 p\u00e2te crue et compacte produit avec lait de vache entier, \u00e0 cro\u00fbte lav\u00e9e. La p\u00e2te tende \u00e0 \u00eatre friable et la saveur est aromatique et intense en fonction de l&#039;assaisonnement.\" \/>\n<meta property=\"og:url\" content=\"https:\/\/www.castagnasrl.com\/fr\/produit\/salva-cremasco-d-o-p\/\" \/>\n<meta property=\"og:site_name\" content=\"Castagna Formaggi\" \/>\n<meta property=\"article:modified_time\" content=\"2019-11-11T09:38:49+00:00\" \/>\n<meta property=\"og:image\" content=\"https:\/\/www.castagnasrl.com\/wp-content\/uploads\/2019\/09\/salva-1.jpg\" \/>\n\t<meta property=\"og:image:width\" content=\"2891\" \/>\n\t<meta property=\"og:image:height\" content=\"2407\" \/>\n\t<meta property=\"og:image:type\" content=\"image\/jpeg\" \/>\n<meta name=\"twitter:card\" content=\"summary_large_image\" \/>\n<script type=\"application\/ld+json\" class=\"yoast-schema-graph\">{\"@context\":\"https:\/\/schema.org\",\"@graph\":[{\"@type\":\"WebPage\",\"@id\":\"https:\/\/www.castagnasrl.com\/fr\/produit\/salva-cremasco-d-o-p\/\",\"url\":\"https:\/\/www.castagnasrl.com\/fr\/produit\/salva-cremasco-d-o-p\/\",\"name\":\"Salva cremasco DOP | Castagna Formaggi\",\"isPartOf\":{\"@id\":\"https:\/\/www.castagnasrl.com\/#website\"},\"primaryImageOfPage\":{\"@id\":\"https:\/\/www.castagnasrl.com\/fr\/produit\/salva-cremasco-d-o-p\/#primaryimage\"},\"image\":{\"@id\":\"https:\/\/www.castagnasrl.com\/fr\/produit\/salva-cremasco-d-o-p\/#primaryimage\"},\"thumbnailUrl\":\"https:\/\/www.castagnasrl.com\/wp-content\/uploads\/2019\/09\/salva-1.jpg\",\"datePublished\":\"2019-10-15T07:39:10+00:00\",\"dateModified\":\"2019-11-11T09:38:49+00:00\",\"description\":\"Fromage \u00e0 p\u00e2te crue et compacte produit avec lait de vache entier, \u00e0 cro\u00fbte lav\u00e9e. La p\u00e2te tende \u00e0 \u00eatre friable et la saveur est aromatique et intense en fonction de l'assaisonnement.\",\"breadcrumb\":{\"@id\":\"https:\/\/www.castagnasrl.com\/fr\/produit\/salva-cremasco-d-o-p\/#breadcrumb\"},\"inLanguage\":\"fr-FR\",\"potentialAction\":[{\"@type\":\"ReadAction\",\"target\":[\"https:\/\/www.castagnasrl.com\/fr\/produit\/salva-cremasco-d-o-p\/\"]}]},{\"@type\":\"ImageObject\",\"inLanguage\":\"fr-FR\",\"@id\":\"https:\/\/www.castagnasrl.com\/fr\/produit\/salva-cremasco-d-o-p\/#primaryimage\",\"url\":\"https:\/\/www.castagnasrl.com\/wp-content\/uploads\/2019\/09\/salva-1.jpg\",\"contentUrl\":\"https:\/\/www.castagnasrl.com\/wp-content\/uploads\/2019\/09\/salva-1.jpg\",\"width\":2891,\"height\":2407},{\"@type\":\"BreadcrumbList\",\"@id\":\"https:\/\/www.castagnasrl.com\/fr\/produit\/salva-cremasco-d-o-p\/#breadcrumb\",\"itemListElement\":[{\"@type\":\"ListItem\",\"position\":1,\"name\":\"Home\",\"item\":\"https:\/\/www.castagnasrl.com\/fr\/\"},{\"@type\":\"ListItem\",\"position\":2,\"name\":\"SALVA CREMASCO D.O.P.\"}]},{\"@type\":\"WebSite\",\"@id\":\"https:\/\/www.castagnasrl.com\/#website\",\"url\":\"https:\/\/www.castagnasrl.com\/\",\"name\":\"Castagna Formaggi\",\"description\":\"\",\"potentialAction\":[{\"@type\":\"SearchAction\",\"target\":{\"@type\":\"EntryPoint\",\"urlTemplate\":\"https:\/\/www.castagnasrl.com\/?s={search_term_string}\"},\"query-input\":{\"@type\":\"PropertyValueSpecification\",\"valueRequired\":true,\"valueName\":\"search_term_string\"}}],\"inLanguage\":\"fr-FR\"}]}<\/script>\n<!-- \/ Yoast SEO plugin. -->","yoast_head_json":{"title":"Salva cremasco DOP | Castagna Formaggi","description":"Fromage \u00e0 p\u00e2te crue et compacte produit avec lait de vache entier, \u00e0 cro\u00fbte lav\u00e9e. La p\u00e2te tende \u00e0 \u00eatre friable et la saveur est aromatique et intense en fonction de l'assaisonnement.","robots":{"index":"index","follow":"follow","max-snippet":"max-snippet:-1","max-image-preview":"max-image-preview:large","max-video-preview":"max-video-preview:-1"},"canonical":"https:\/\/www.castagnasrl.com\/fr\/produit\/salva-cremasco-d-o-p\/","og_locale":"fr_FR","og_type":"article","og_title":"Salva cremasco DOP | Castagna Formaggi","og_description":"Fromage \u00e0 p\u00e2te crue et compacte produit avec lait de vache entier, \u00e0 cro\u00fbte lav\u00e9e. La p\u00e2te tende \u00e0 \u00eatre friable et la saveur est aromatique et intense en fonction de l'assaisonnement.","og_url":"https:\/\/www.castagnasrl.com\/fr\/produit\/salva-cremasco-d-o-p\/","og_site_name":"Castagna Formaggi","article_modified_time":"2019-11-11T09:38:49+00:00","og_image":[{"width":2891,"height":2407,"url":"https:\/\/www.castagnasrl.com\/wp-content\/uploads\/2019\/09\/salva-1.jpg","type":"image\/jpeg"}],"twitter_card":"summary_large_image","schema":{"@context":"https:\/\/schema.org","@graph":[{"@type":"WebPage","@id":"https:\/\/www.castagnasrl.com\/fr\/produit\/salva-cremasco-d-o-p\/","url":"https:\/\/www.castagnasrl.com\/fr\/produit\/salva-cremasco-d-o-p\/","name":"Salva cremasco DOP | Castagna Formaggi","isPartOf":{"@id":"https:\/\/www.castagnasrl.com\/#website"},"primaryImageOfPage":{"@id":"https:\/\/www.castagnasrl.com\/fr\/produit\/salva-cremasco-d-o-p\/#primaryimage"},"image":{"@id":"https:\/\/www.castagnasrl.com\/fr\/produit\/salva-cremasco-d-o-p\/#primaryimage"},"thumbnailUrl":"https:\/\/www.castagnasrl.com\/wp-content\/uploads\/2019\/09\/salva-1.jpg","datePublished":"2019-10-15T07:39:10+00:00","dateModified":"2019-11-11T09:38:49+00:00","description":"Fromage \u00e0 p\u00e2te crue et compacte produit avec lait de vache entier, \u00e0 cro\u00fbte lav\u00e9e. La p\u00e2te tende \u00e0 \u00eatre friable et la saveur est aromatique et intense en fonction de l'assaisonnement.","breadcrumb":{"@id":"https:\/\/www.castagnasrl.com\/fr\/produit\/salva-cremasco-d-o-p\/#breadcrumb"},"inLanguage":"fr-FR","potentialAction":[{"@type":"ReadAction","target":["https:\/\/www.castagnasrl.com\/fr\/produit\/salva-cremasco-d-o-p\/"]}]},{"@type":"ImageObject","inLanguage":"fr-FR","@id":"https:\/\/www.castagnasrl.com\/fr\/produit\/salva-cremasco-d-o-p\/#primaryimage","url":"https:\/\/www.castagnasrl.com\/wp-content\/uploads\/2019\/09\/salva-1.jpg","contentUrl":"https:\/\/www.castagnasrl.com\/wp-content\/uploads\/2019\/09\/salva-1.jpg","width":2891,"height":2407},{"@type":"BreadcrumbList","@id":"https:\/\/www.castagnasrl.com\/fr\/produit\/salva-cremasco-d-o-p\/#breadcrumb","itemListElement":[{"@type":"ListItem","position":1,"name":"Home","item":"https:\/\/www.castagnasrl.com\/fr\/"},{"@type":"ListItem","position":2,"name":"SALVA CREMASCO D.O.P."}]},{"@type":"WebSite","@id":"https:\/\/www.castagnasrl.com\/#website","url":"https:\/\/www.castagnasrl.com\/","name":"Castagna Formaggi","description":"","potentialAction":[{"@type":"SearchAction","target":{"@type":"EntryPoint","urlTemplate":"https:\/\/www.castagnasrl.com\/?s={search_term_string}"},"query-input":{"@type":"PropertyValueSpecification","valueRequired":true,"valueName":"search_term_string"}}],"inLanguage":"fr-FR"}]}},"_links":{"self":[{"href":"https:\/\/www.castagnasrl.com\/fr\/wp-json\/wp\/v2\/product\/7174","targetHints":{"allow":["GET"]}}],"collection":[{"href":"https:\/\/www.castagnasrl.com\/fr\/wp-json\/wp\/v2\/product"}],"about":[{"href":"https:\/\/www.castagnasrl.com\/fr\/wp-json\/wp\/v2\/types\/product"}],"wp:featuredmedia":[{"embeddable":true,"href":"https:\/\/www.castagnasrl.com\/fr\/wp-json\/wp\/v2\/media\/5517"}],"wp:attachment":[{"href":"https:\/\/www.castagnasrl.com\/fr\/wp-json\/wp\/v2\/media?parent=7174"}],"wp:term":[{"taxonomy":"product_brand","embeddable":true,"href":"https:\/\/www.castagnasrl.com\/fr\/wp-json\/wp\/v2\/product_brand?post=7174"},{"taxonomy":"product_cat","embeddable":true,"href":"https:\/\/www.castagnasrl.com\/fr\/wp-json\/wp\/v2\/product_cat?post=7174"},{"taxonomy":"product_tag","embeddable":true,"href":"https:\/\/www.castagnasrl.com\/fr\/wp-json\/wp\/v2\/product_tag?post=7174"}],"curies":[{"name":"wp","href":"https:\/\/api.w.org\/{rel}","templated":true}]}}