{"id":7172,"date":"2019-10-15T09:39:10","date_gmt":"2019-10-15T07:39:10","guid":{"rendered":"https:\/\/www.castagnasrl.com\/product\/taleggio-dop-piccoli-piaceri\/"},"modified":"2019-11-11T10:38:29","modified_gmt":"2019-11-11T09:38:29","slug":"taleggio-dop-piccoli-piaceri","status":"publish","type":"product","link":"https:\/\/www.castagnasrl.com\/fr\/produit\/taleggio-dop-piccoli-piaceri\/","title":{"rendered":"TALEGGIO DOP PICCOLI PIACERI"},"content":{"rendered":"<p>Fromage produit per un petit producteur de la Val Taleggio avec lait de vache entier, \u00e0 p\u00e2te crue, selon ancienne recette. La p\u00e2te est cr\u00e9meuse avec une \u00e2me pl\u00e2treuse et devient majoritairement cr\u00e9meuse pendant le vieillissement. En bouche, il est savoureux, persistant et aromatique.<\/p>\n","protected":false},"excerpt":{"rendered":"<p>Fromage produit par un petit producteur de la Val Taleggio avec lait de vache entier, \u00e0 p\u00e2te crue, selon ancienne recette. En bouche il est savoureux, persistante et aromatique.<\/p>\n","protected":false},"featured_media":5511,"template":"","meta":{"_acf_changed":false},"product_brand":[],"product_cat":[55],"product_tag":[],"class_list":{"0":"post-7172","1":"product","2":"type-product","3":"status-publish","4":"has-post-thumbnail","6":"product_cat-traditionnel","8":"first","9":"instock","10":"product-type-simple"},"acf":[],"yoast_head":"<!-- This site is optimized with the Yoast SEO plugin v27.1 - https:\/\/yoast.com\/product\/yoast-seo-wordpress\/ -->\n<title>Taleggio DOP piccoli piaceri | Castagna Formaggi<\/title>\n<meta name=\"description\" content=\"Fromage produit par un petit producteur de la Val Taleggio avec lait de vache entier, \u00e0 p\u00e2te crue, selon ancienne recette. En bouche il est savoureux, persistante et aromatique.\" \/>\n<meta name=\"robots\" content=\"index, follow, max-snippet:-1, max-image-preview:large, max-video-preview:-1\" \/>\n<link rel=\"canonical\" href=\"https:\/\/www.castagnasrl.com\/fr\/produit\/taleggio-dop-piccoli-piaceri\/\" \/>\n<meta property=\"og:locale\" content=\"fr_FR\" \/>\n<meta property=\"og:type\" content=\"article\" \/>\n<meta property=\"og:title\" content=\"Taleggio DOP piccoli piaceri | Castagna Formaggi\" \/>\n<meta property=\"og:description\" content=\"Fromage produit par un petit producteur de la Val Taleggio avec lait de vache entier, \u00e0 p\u00e2te crue, selon ancienne recette. En bouche il est savoureux, persistante et aromatique.\" \/>\n<meta property=\"og:url\" content=\"https:\/\/www.castagnasrl.com\/fr\/produit\/taleggio-dop-piccoli-piaceri\/\" \/>\n<meta property=\"og:site_name\" content=\"Castagna Formaggi\" \/>\n<meta property=\"article:modified_time\" content=\"2019-11-11T09:38:29+00:00\" \/>\n<meta property=\"og:image\" content=\"https:\/\/www.castagnasrl.com\/wp-content\/uploads\/2019\/09\/taleggio-dop-1-1024x681.jpg\" \/>\n\t<meta property=\"og:image:width\" content=\"1024\" \/>\n\t<meta property=\"og:image:height\" content=\"681\" \/>\n\t<meta property=\"og:image:type\" content=\"image\/jpeg\" \/>\n<meta name=\"twitter:card\" content=\"summary_large_image\" \/>\n<script type=\"application\/ld+json\" class=\"yoast-schema-graph\">{\"@context\":\"https:\/\/schema.org\",\"@graph\":[{\"@type\":\"WebPage\",\"@id\":\"https:\/\/www.castagnasrl.com\/fr\/produit\/taleggio-dop-piccoli-piaceri\/\",\"url\":\"https:\/\/www.castagnasrl.com\/fr\/produit\/taleggio-dop-piccoli-piaceri\/\",\"name\":\"Taleggio DOP piccoli piaceri | Castagna Formaggi\",\"isPartOf\":{\"@id\":\"https:\/\/www.castagnasrl.com\/#website\"},\"primaryImageOfPage\":{\"@id\":\"https:\/\/www.castagnasrl.com\/fr\/produit\/taleggio-dop-piccoli-piaceri\/#primaryimage\"},\"image\":{\"@id\":\"https:\/\/www.castagnasrl.com\/fr\/produit\/taleggio-dop-piccoli-piaceri\/#primaryimage\"},\"thumbnailUrl\":\"https:\/\/www.castagnasrl.com\/wp-content\/uploads\/2019\/09\/taleggio-dop-1.jpg\",\"datePublished\":\"2019-10-15T07:39:10+00:00\",\"dateModified\":\"2019-11-11T09:38:29+00:00\",\"description\":\"Fromage produit par un petit producteur de la Val Taleggio avec lait de vache entier, \u00e0 p\u00e2te crue, selon ancienne recette. En bouche il est savoureux, persistante et aromatique.\",\"breadcrumb\":{\"@id\":\"https:\/\/www.castagnasrl.com\/fr\/produit\/taleggio-dop-piccoli-piaceri\/#breadcrumb\"},\"inLanguage\":\"fr-FR\",\"potentialAction\":[{\"@type\":\"ReadAction\",\"target\":[\"https:\/\/www.castagnasrl.com\/fr\/produit\/taleggio-dop-piccoli-piaceri\/\"]}]},{\"@type\":\"ImageObject\",\"inLanguage\":\"fr-FR\",\"@id\":\"https:\/\/www.castagnasrl.com\/fr\/produit\/taleggio-dop-piccoli-piaceri\/#primaryimage\",\"url\":\"https:\/\/www.castagnasrl.com\/wp-content\/uploads\/2019\/09\/taleggio-dop-1.jpg\",\"contentUrl\":\"https:\/\/www.castagnasrl.com\/wp-content\/uploads\/2019\/09\/taleggio-dop-1.jpg\",\"width\":3004,\"height\":1999},{\"@type\":\"BreadcrumbList\",\"@id\":\"https:\/\/www.castagnasrl.com\/fr\/produit\/taleggio-dop-piccoli-piaceri\/#breadcrumb\",\"itemListElement\":[{\"@type\":\"ListItem\",\"position\":1,\"name\":\"Home\",\"item\":\"https:\/\/www.castagnasrl.com\/fr\/\"},{\"@type\":\"ListItem\",\"position\":2,\"name\":\"TALEGGIO DOP PICCOLI PIACERI\"}]},{\"@type\":\"WebSite\",\"@id\":\"https:\/\/www.castagnasrl.com\/#website\",\"url\":\"https:\/\/www.castagnasrl.com\/\",\"name\":\"Castagna Formaggi\",\"description\":\"\",\"potentialAction\":[{\"@type\":\"SearchAction\",\"target\":{\"@type\":\"EntryPoint\",\"urlTemplate\":\"https:\/\/www.castagnasrl.com\/?s={search_term_string}\"},\"query-input\":{\"@type\":\"PropertyValueSpecification\",\"valueRequired\":true,\"valueName\":\"search_term_string\"}}],\"inLanguage\":\"fr-FR\"}]}<\/script>\n<!-- \/ Yoast SEO plugin. -->","yoast_head_json":{"title":"Taleggio DOP piccoli piaceri | Castagna Formaggi","description":"Fromage produit par un petit producteur de la Val Taleggio avec lait de vache entier, \u00e0 p\u00e2te crue, selon ancienne recette. En bouche il est savoureux, persistante et aromatique.","robots":{"index":"index","follow":"follow","max-snippet":"max-snippet:-1","max-image-preview":"max-image-preview:large","max-video-preview":"max-video-preview:-1"},"canonical":"https:\/\/www.castagnasrl.com\/fr\/produit\/taleggio-dop-piccoli-piaceri\/","og_locale":"fr_FR","og_type":"article","og_title":"Taleggio DOP piccoli piaceri | Castagna Formaggi","og_description":"Fromage produit par un petit producteur de la Val Taleggio avec lait de vache entier, \u00e0 p\u00e2te crue, selon ancienne recette. En bouche il est savoureux, persistante et aromatique.","og_url":"https:\/\/www.castagnasrl.com\/fr\/produit\/taleggio-dop-piccoli-piaceri\/","og_site_name":"Castagna Formaggi","article_modified_time":"2019-11-11T09:38:29+00:00","og_image":[{"width":1024,"height":681,"url":"https:\/\/www.castagnasrl.com\/wp-content\/uploads\/2019\/09\/taleggio-dop-1-1024x681.jpg","type":"image\/jpeg"}],"twitter_card":"summary_large_image","schema":{"@context":"https:\/\/schema.org","@graph":[{"@type":"WebPage","@id":"https:\/\/www.castagnasrl.com\/fr\/produit\/taleggio-dop-piccoli-piaceri\/","url":"https:\/\/www.castagnasrl.com\/fr\/produit\/taleggio-dop-piccoli-piaceri\/","name":"Taleggio DOP piccoli piaceri | Castagna Formaggi","isPartOf":{"@id":"https:\/\/www.castagnasrl.com\/#website"},"primaryImageOfPage":{"@id":"https:\/\/www.castagnasrl.com\/fr\/produit\/taleggio-dop-piccoli-piaceri\/#primaryimage"},"image":{"@id":"https:\/\/www.castagnasrl.com\/fr\/produit\/taleggio-dop-piccoli-piaceri\/#primaryimage"},"thumbnailUrl":"https:\/\/www.castagnasrl.com\/wp-content\/uploads\/2019\/09\/taleggio-dop-1.jpg","datePublished":"2019-10-15T07:39:10+00:00","dateModified":"2019-11-11T09:38:29+00:00","description":"Fromage produit par un petit producteur de la Val Taleggio avec lait de vache entier, \u00e0 p\u00e2te crue, selon ancienne recette. En bouche il est savoureux, persistante et aromatique.","breadcrumb":{"@id":"https:\/\/www.castagnasrl.com\/fr\/produit\/taleggio-dop-piccoli-piaceri\/#breadcrumb"},"inLanguage":"fr-FR","potentialAction":[{"@type":"ReadAction","target":["https:\/\/www.castagnasrl.com\/fr\/produit\/taleggio-dop-piccoli-piaceri\/"]}]},{"@type":"ImageObject","inLanguage":"fr-FR","@id":"https:\/\/www.castagnasrl.com\/fr\/produit\/taleggio-dop-piccoli-piaceri\/#primaryimage","url":"https:\/\/www.castagnasrl.com\/wp-content\/uploads\/2019\/09\/taleggio-dop-1.jpg","contentUrl":"https:\/\/www.castagnasrl.com\/wp-content\/uploads\/2019\/09\/taleggio-dop-1.jpg","width":3004,"height":1999},{"@type":"BreadcrumbList","@id":"https:\/\/www.castagnasrl.com\/fr\/produit\/taleggio-dop-piccoli-piaceri\/#breadcrumb","itemListElement":[{"@type":"ListItem","position":1,"name":"Home","item":"https:\/\/www.castagnasrl.com\/fr\/"},{"@type":"ListItem","position":2,"name":"TALEGGIO DOP PICCOLI PIACERI"}]},{"@type":"WebSite","@id":"https:\/\/www.castagnasrl.com\/#website","url":"https:\/\/www.castagnasrl.com\/","name":"Castagna Formaggi","description":"","potentialAction":[{"@type":"SearchAction","target":{"@type":"EntryPoint","urlTemplate":"https:\/\/www.castagnasrl.com\/?s={search_term_string}"},"query-input":{"@type":"PropertyValueSpecification","valueRequired":true,"valueName":"search_term_string"}}],"inLanguage":"fr-FR"}]}},"_links":{"self":[{"href":"https:\/\/www.castagnasrl.com\/fr\/wp-json\/wp\/v2\/product\/7172","targetHints":{"allow":["GET"]}}],"collection":[{"href":"https:\/\/www.castagnasrl.com\/fr\/wp-json\/wp\/v2\/product"}],"about":[{"href":"https:\/\/www.castagnasrl.com\/fr\/wp-json\/wp\/v2\/types\/product"}],"wp:featuredmedia":[{"embeddable":true,"href":"https:\/\/www.castagnasrl.com\/fr\/wp-json\/wp\/v2\/media\/5511"}],"wp:attachment":[{"href":"https:\/\/www.castagnasrl.com\/fr\/wp-json\/wp\/v2\/media?parent=7172"}],"wp:term":[{"taxonomy":"product_brand","embeddable":true,"href":"https:\/\/www.castagnasrl.com\/fr\/wp-json\/wp\/v2\/product_brand?post=7172"},{"taxonomy":"product_cat","embeddable":true,"href":"https:\/\/www.castagnasrl.com\/fr\/wp-json\/wp\/v2\/product_cat?post=7172"},{"taxonomy":"product_tag","embeddable":true,"href":"https:\/\/www.castagnasrl.com\/fr\/wp-json\/wp\/v2\/product_tag?post=7172"}],"curies":[{"name":"wp","href":"https:\/\/api.w.org\/{rel}","templated":true}]}}