{"id":7131,"date":"2019-10-15T09:39:10","date_gmt":"2019-10-15T07:39:10","guid":{"rendered":"https:\/\/www.castagnasrl.com\/product\/camembert-di-bufala\/"},"modified":"2019-11-11T10:41:28","modified_gmt":"2019-11-11T09:41:28","slug":"camembert-di-bufala","status":"publish","type":"product","link":"https:\/\/www.castagnasrl.com\/fr\/produit\/camembert-di-bufala\/","title":{"rendered":"CAMEMBERT DI BUFALA"},"content":{"rendered":"<p>Fromage frais produit avec lait de bufflonne. La cro\u00fbte est lisse avec, en surface, des moisissures blanches typique. La p\u00e2te est cr\u00e9meuse de couleur jaune paille, la saveur est douce et l\u00e9g\u00e8rement sapide.<\/p>\n","protected":false},"excerpt":{"rendered":"<p>Fromage frais produit avec lait de bufflonne. La cro\u00fbte est lisse avec, en surface, des moisissures blanches typique. La p\u00e2te est cr\u00e9meuse de couleur jaune paille, la saveur est douce et l\u00e9g\u00e8rement sapide.<\/p>\n","protected":false},"featured_media":5619,"template":"","meta":{"_acf_changed":false},"product_brand":[],"product_cat":[55],"product_tag":[],"class_list":{"0":"post-7131","1":"product","2":"type-product","3":"status-publish","4":"has-post-thumbnail","6":"product_cat-traditionnel","8":"first","9":"instock","10":"product-type-simple"},"acf":[],"yoast_head":"<!-- This site is optimized with the Yoast SEO plugin v27.1 - https:\/\/yoast.com\/product\/yoast-seo-wordpress\/ -->\n<title>Camembert di bufala | Castagna Formaggi<\/title>\n<meta name=\"description\" content=\"Fromage frais produit avec lait de bufflonne. La cro\u00fbte est lisse avec, en surface, des moisissures blanches typique. La p\u00e2te est cr\u00e9meuse de couleur jaune paille, la saveur est douce et l\u00e9g\u00e8rement sapide.\" \/>\n<meta name=\"robots\" content=\"index, follow, max-snippet:-1, max-image-preview:large, max-video-preview:-1\" \/>\n<link rel=\"canonical\" href=\"https:\/\/www.castagnasrl.com\/fr\/produit\/camembert-di-bufala\/\" \/>\n<meta property=\"og:locale\" content=\"fr_FR\" \/>\n<meta property=\"og:type\" content=\"article\" \/>\n<meta property=\"og:title\" content=\"Camembert di bufala | Castagna Formaggi\" \/>\n<meta property=\"og:description\" content=\"Fromage frais produit avec lait de bufflonne. La cro\u00fbte est lisse avec, en surface, des moisissures blanches typique. La p\u00e2te est cr\u00e9meuse de couleur jaune paille, la saveur est douce et l\u00e9g\u00e8rement sapide.\" \/>\n<meta property=\"og:url\" content=\"https:\/\/www.castagnasrl.com\/fr\/produit\/camembert-di-bufala\/\" \/>\n<meta property=\"og:site_name\" content=\"Castagna Formaggi\" \/>\n<meta property=\"article:modified_time\" content=\"2019-11-11T09:41:28+00:00\" \/>\n<meta property=\"og:image\" content=\"https:\/\/www.castagnasrl.com\/wp-content\/uploads\/2019\/09\/camembert-di-bufala-1.jpg\" \/>\n\t<meta property=\"og:image:width\" content=\"1326\" \/>\n\t<meta property=\"og:image:height\" content=\"1039\" \/>\n\t<meta property=\"og:image:type\" content=\"image\/jpeg\" \/>\n<meta name=\"twitter:card\" content=\"summary_large_image\" \/>\n<script type=\"application\/ld+json\" class=\"yoast-schema-graph\">{\"@context\":\"https:\/\/schema.org\",\"@graph\":[{\"@type\":\"WebPage\",\"@id\":\"https:\/\/www.castagnasrl.com\/fr\/produit\/camembert-di-bufala\/\",\"url\":\"https:\/\/www.castagnasrl.com\/fr\/produit\/camembert-di-bufala\/\",\"name\":\"Camembert di bufala | Castagna Formaggi\",\"isPartOf\":{\"@id\":\"https:\/\/www.castagnasrl.com\/#website\"},\"primaryImageOfPage\":{\"@id\":\"https:\/\/www.castagnasrl.com\/fr\/produit\/camembert-di-bufala\/#primaryimage\"},\"image\":{\"@id\":\"https:\/\/www.castagnasrl.com\/fr\/produit\/camembert-di-bufala\/#primaryimage\"},\"thumbnailUrl\":\"https:\/\/www.castagnasrl.com\/wp-content\/uploads\/2019\/09\/camembert-di-bufala-1.jpg\",\"datePublished\":\"2019-10-15T07:39:10+00:00\",\"dateModified\":\"2019-11-11T09:41:28+00:00\",\"description\":\"Fromage frais produit avec lait de bufflonne. La cro\u00fbte est lisse avec, en surface, des moisissures blanches typique. La p\u00e2te est cr\u00e9meuse de couleur jaune paille, la saveur est douce et l\u00e9g\u00e8rement sapide.\",\"breadcrumb\":{\"@id\":\"https:\/\/www.castagnasrl.com\/fr\/produit\/camembert-di-bufala\/#breadcrumb\"},\"inLanguage\":\"fr-FR\",\"potentialAction\":[{\"@type\":\"ReadAction\",\"target\":[\"https:\/\/www.castagnasrl.com\/fr\/produit\/camembert-di-bufala\/\"]}]},{\"@type\":\"ImageObject\",\"inLanguage\":\"fr-FR\",\"@id\":\"https:\/\/www.castagnasrl.com\/fr\/produit\/camembert-di-bufala\/#primaryimage\",\"url\":\"https:\/\/www.castagnasrl.com\/wp-content\/uploads\/2019\/09\/camembert-di-bufala-1.jpg\",\"contentUrl\":\"https:\/\/www.castagnasrl.com\/wp-content\/uploads\/2019\/09\/camembert-di-bufala-1.jpg\",\"width\":1326,\"height\":1039},{\"@type\":\"BreadcrumbList\",\"@id\":\"https:\/\/www.castagnasrl.com\/fr\/produit\/camembert-di-bufala\/#breadcrumb\",\"itemListElement\":[{\"@type\":\"ListItem\",\"position\":1,\"name\":\"Home\",\"item\":\"https:\/\/www.castagnasrl.com\/fr\/\"},{\"@type\":\"ListItem\",\"position\":2,\"name\":\"CAMEMBERT DI BUFALA\"}]},{\"@type\":\"WebSite\",\"@id\":\"https:\/\/www.castagnasrl.com\/#website\",\"url\":\"https:\/\/www.castagnasrl.com\/\",\"name\":\"Castagna Formaggi\",\"description\":\"\",\"potentialAction\":[{\"@type\":\"SearchAction\",\"target\":{\"@type\":\"EntryPoint\",\"urlTemplate\":\"https:\/\/www.castagnasrl.com\/?s={search_term_string}\"},\"query-input\":{\"@type\":\"PropertyValueSpecification\",\"valueRequired\":true,\"valueName\":\"search_term_string\"}}],\"inLanguage\":\"fr-FR\"}]}<\/script>\n<!-- \/ Yoast SEO plugin. -->","yoast_head_json":{"title":"Camembert di bufala | Castagna Formaggi","description":"Fromage frais produit avec lait de bufflonne. La cro\u00fbte est lisse avec, en surface, des moisissures blanches typique. La p\u00e2te est cr\u00e9meuse de couleur jaune paille, la saveur est douce et l\u00e9g\u00e8rement sapide.","robots":{"index":"index","follow":"follow","max-snippet":"max-snippet:-1","max-image-preview":"max-image-preview:large","max-video-preview":"max-video-preview:-1"},"canonical":"https:\/\/www.castagnasrl.com\/fr\/produit\/camembert-di-bufala\/","og_locale":"fr_FR","og_type":"article","og_title":"Camembert di bufala | Castagna Formaggi","og_description":"Fromage frais produit avec lait de bufflonne. La cro\u00fbte est lisse avec, en surface, des moisissures blanches typique. La p\u00e2te est cr\u00e9meuse de couleur jaune paille, la saveur est douce et l\u00e9g\u00e8rement sapide.","og_url":"https:\/\/www.castagnasrl.com\/fr\/produit\/camembert-di-bufala\/","og_site_name":"Castagna Formaggi","article_modified_time":"2019-11-11T09:41:28+00:00","og_image":[{"width":1326,"height":1039,"url":"https:\/\/www.castagnasrl.com\/wp-content\/uploads\/2019\/09\/camembert-di-bufala-1.jpg","type":"image\/jpeg"}],"twitter_card":"summary_large_image","schema":{"@context":"https:\/\/schema.org","@graph":[{"@type":"WebPage","@id":"https:\/\/www.castagnasrl.com\/fr\/produit\/camembert-di-bufala\/","url":"https:\/\/www.castagnasrl.com\/fr\/produit\/camembert-di-bufala\/","name":"Camembert di bufala | Castagna Formaggi","isPartOf":{"@id":"https:\/\/www.castagnasrl.com\/#website"},"primaryImageOfPage":{"@id":"https:\/\/www.castagnasrl.com\/fr\/produit\/camembert-di-bufala\/#primaryimage"},"image":{"@id":"https:\/\/www.castagnasrl.com\/fr\/produit\/camembert-di-bufala\/#primaryimage"},"thumbnailUrl":"https:\/\/www.castagnasrl.com\/wp-content\/uploads\/2019\/09\/camembert-di-bufala-1.jpg","datePublished":"2019-10-15T07:39:10+00:00","dateModified":"2019-11-11T09:41:28+00:00","description":"Fromage frais produit avec lait de bufflonne. La cro\u00fbte est lisse avec, en surface, des moisissures blanches typique. La p\u00e2te est cr\u00e9meuse de couleur jaune paille, la saveur est douce et l\u00e9g\u00e8rement sapide.","breadcrumb":{"@id":"https:\/\/www.castagnasrl.com\/fr\/produit\/camembert-di-bufala\/#breadcrumb"},"inLanguage":"fr-FR","potentialAction":[{"@type":"ReadAction","target":["https:\/\/www.castagnasrl.com\/fr\/produit\/camembert-di-bufala\/"]}]},{"@type":"ImageObject","inLanguage":"fr-FR","@id":"https:\/\/www.castagnasrl.com\/fr\/produit\/camembert-di-bufala\/#primaryimage","url":"https:\/\/www.castagnasrl.com\/wp-content\/uploads\/2019\/09\/camembert-di-bufala-1.jpg","contentUrl":"https:\/\/www.castagnasrl.com\/wp-content\/uploads\/2019\/09\/camembert-di-bufala-1.jpg","width":1326,"height":1039},{"@type":"BreadcrumbList","@id":"https:\/\/www.castagnasrl.com\/fr\/produit\/camembert-di-bufala\/#breadcrumb","itemListElement":[{"@type":"ListItem","position":1,"name":"Home","item":"https:\/\/www.castagnasrl.com\/fr\/"},{"@type":"ListItem","position":2,"name":"CAMEMBERT DI BUFALA"}]},{"@type":"WebSite","@id":"https:\/\/www.castagnasrl.com\/#website","url":"https:\/\/www.castagnasrl.com\/","name":"Castagna Formaggi","description":"","potentialAction":[{"@type":"SearchAction","target":{"@type":"EntryPoint","urlTemplate":"https:\/\/www.castagnasrl.com\/?s={search_term_string}"},"query-input":{"@type":"PropertyValueSpecification","valueRequired":true,"valueName":"search_term_string"}}],"inLanguage":"fr-FR"}]}},"_links":{"self":[{"href":"https:\/\/www.castagnasrl.com\/fr\/wp-json\/wp\/v2\/product\/7131","targetHints":{"allow":["GET"]}}],"collection":[{"href":"https:\/\/www.castagnasrl.com\/fr\/wp-json\/wp\/v2\/product"}],"about":[{"href":"https:\/\/www.castagnasrl.com\/fr\/wp-json\/wp\/v2\/types\/product"}],"wp:featuredmedia":[{"embeddable":true,"href":"https:\/\/www.castagnasrl.com\/fr\/wp-json\/wp\/v2\/media\/5619"}],"wp:attachment":[{"href":"https:\/\/www.castagnasrl.com\/fr\/wp-json\/wp\/v2\/media?parent=7131"}],"wp:term":[{"taxonomy":"product_brand","embeddable":true,"href":"https:\/\/www.castagnasrl.com\/fr\/wp-json\/wp\/v2\/product_brand?post=7131"},{"taxonomy":"product_cat","embeddable":true,"href":"https:\/\/www.castagnasrl.com\/fr\/wp-json\/wp\/v2\/product_cat?post=7131"},{"taxonomy":"product_tag","embeddable":true,"href":"https:\/\/www.castagnasrl.com\/fr\/wp-json\/wp\/v2\/product_tag?post=7131"}],"curies":[{"name":"wp","href":"https:\/\/api.w.org\/{rel}","templated":true}]}}