{"id":7128,"date":"2019-09-10T15:18:16","date_gmt":"2019-10-15T07:39:10","guid":{"rendered":"https:\/\/www.castagnasrl.com\/product\/pecorino-romano-dop\/"},"modified":"2019-11-11T10:40:20","modified_gmt":"2019-11-11T09:40:20","slug":"pecorino-romano-d-o-p","status":"publish","type":"product","link":"https:\/\/www.castagnasrl.com\/fr\/produit\/pecorino-romano-d-o-p\/","title":{"rendered":"PECORINO ROMANO D.O.P."},"content":{"rendered":"<p>Pecorino produit par une petite entreprise au nord de Rome. Go\u00fbt, ar\u00f4me, texture\u2026tout dans le Pecorino Romano est parfaitement \u00e9quilibr\u00e9, harmonieux. La p\u00e2te est compacte avec une saveur intense et aromatique, pas particuli\u00e8rement sal\u00e9e.<\/p>\n","protected":false},"excerpt":{"rendered":"<p>Pecorino produit par une petite entreprise au nord de Rome. Go\u00fbt, ar\u00f4me, texture\u2026tout dans le Pecorino Romano est parfaitement \u00e9quilibr\u00e9 et harmonieux.<\/p>\n","protected":false},"featured_media":6250,"template":"","meta":{"_acf_changed":false},"product_brand":[],"product_cat":[55],"product_tag":[],"class_list":{"0":"post-7128","1":"product","2":"type-product","3":"status-publish","4":"has-post-thumbnail","6":"product_cat-traditionnel","8":"first","9":"instock","10":"product-type-simple"},"acf":[],"yoast_head":"<!-- This site is optimized with the Yoast SEO plugin v27.1 - https:\/\/yoast.com\/product\/yoast-seo-wordpress\/ -->\n<title>Pecorino romano DOP | Castagna Formaggi<\/title>\n<meta name=\"description\" content=\"Pecorino produit par une petite entreprise au nord de Rome. Go\u00fbt, ar\u00f4me, texture\u2026tout dans le Pecorino Romano est parfaitement \u00e9quilibr\u00e9 et harmonieux.\" \/>\n<meta name=\"robots\" content=\"index, follow, max-snippet:-1, max-image-preview:large, max-video-preview:-1\" \/>\n<link rel=\"canonical\" href=\"https:\/\/www.castagnasrl.com\/fr\/produit\/pecorino-romano-d-o-p\/\" \/>\n<meta property=\"og:locale\" content=\"fr_FR\" \/>\n<meta property=\"og:type\" content=\"article\" \/>\n<meta property=\"og:title\" content=\"Pecorino romano DOP | Castagna Formaggi\" \/>\n<meta property=\"og:description\" content=\"Pecorino produit par une petite entreprise au nord de Rome. Go\u00fbt, ar\u00f4me, texture\u2026tout dans le Pecorino Romano est parfaitement \u00e9quilibr\u00e9 et harmonieux.\" \/>\n<meta property=\"og:url\" content=\"https:\/\/www.castagnasrl.com\/fr\/produit\/pecorino-romano-d-o-p\/\" \/>\n<meta property=\"og:site_name\" content=\"Castagna Formaggi\" \/>\n<meta property=\"article:modified_time\" content=\"2019-11-11T09:40:20+00:00\" \/>\n<meta property=\"og:image\" content=\"https:\/\/www.castagnasrl.com\/wp-content\/uploads\/2019\/09\/Pecorino-romano.png\" \/>\n\t<meta property=\"og:image:width\" content=\"358\" \/>\n\t<meta property=\"og:image:height\" content=\"260\" \/>\n\t<meta property=\"og:image:type\" content=\"image\/png\" \/>\n<meta name=\"twitter:card\" content=\"summary_large_image\" \/>\n<script type=\"application\/ld+json\" class=\"yoast-schema-graph\">{\"@context\":\"https:\/\/schema.org\",\"@graph\":[{\"@type\":\"WebPage\",\"@id\":\"https:\/\/www.castagnasrl.com\/fr\/produit\/pecorino-romano-d-o-p\/\",\"url\":\"https:\/\/www.castagnasrl.com\/fr\/produit\/pecorino-romano-d-o-p\/\",\"name\":\"Pecorino romano DOP | Castagna Formaggi\",\"isPartOf\":{\"@id\":\"https:\/\/www.castagnasrl.com\/#website\"},\"primaryImageOfPage\":{\"@id\":\"https:\/\/www.castagnasrl.com\/fr\/produit\/pecorino-romano-d-o-p\/#primaryimage\"},\"image\":{\"@id\":\"https:\/\/www.castagnasrl.com\/fr\/produit\/pecorino-romano-d-o-p\/#primaryimage\"},\"thumbnailUrl\":\"https:\/\/www.castagnasrl.com\/wp-content\/uploads\/2019\/09\/Pecorino-romano.png\",\"datePublished\":\"2019-10-15T07:39:10+00:00\",\"dateModified\":\"2019-11-11T09:40:20+00:00\",\"description\":\"Pecorino produit par une petite entreprise au nord de Rome. Go\u00fbt, ar\u00f4me, texture\u2026tout dans le Pecorino Romano est parfaitement \u00e9quilibr\u00e9 et harmonieux.\",\"breadcrumb\":{\"@id\":\"https:\/\/www.castagnasrl.com\/fr\/produit\/pecorino-romano-d-o-p\/#breadcrumb\"},\"inLanguage\":\"fr-FR\",\"potentialAction\":[{\"@type\":\"ReadAction\",\"target\":[\"https:\/\/www.castagnasrl.com\/fr\/produit\/pecorino-romano-d-o-p\/\"]}]},{\"@type\":\"ImageObject\",\"inLanguage\":\"fr-FR\",\"@id\":\"https:\/\/www.castagnasrl.com\/fr\/produit\/pecorino-romano-d-o-p\/#primaryimage\",\"url\":\"https:\/\/www.castagnasrl.com\/wp-content\/uploads\/2019\/09\/Pecorino-romano.png\",\"contentUrl\":\"https:\/\/www.castagnasrl.com\/wp-content\/uploads\/2019\/09\/Pecorino-romano.png\",\"width\":358,\"height\":260,\"caption\":\"Pecorino romano | Castagna Formaggi\"},{\"@type\":\"BreadcrumbList\",\"@id\":\"https:\/\/www.castagnasrl.com\/fr\/produit\/pecorino-romano-d-o-p\/#breadcrumb\",\"itemListElement\":[{\"@type\":\"ListItem\",\"position\":1,\"name\":\"Home\",\"item\":\"https:\/\/www.castagnasrl.com\/fr\/\"},{\"@type\":\"ListItem\",\"position\":2,\"name\":\"PECORINO ROMANO D.O.P.\"}]},{\"@type\":\"WebSite\",\"@id\":\"https:\/\/www.castagnasrl.com\/#website\",\"url\":\"https:\/\/www.castagnasrl.com\/\",\"name\":\"Castagna Formaggi\",\"description\":\"\",\"potentialAction\":[{\"@type\":\"SearchAction\",\"target\":{\"@type\":\"EntryPoint\",\"urlTemplate\":\"https:\/\/www.castagnasrl.com\/?s={search_term_string}\"},\"query-input\":{\"@type\":\"PropertyValueSpecification\",\"valueRequired\":true,\"valueName\":\"search_term_string\"}}],\"inLanguage\":\"fr-FR\"}]}<\/script>\n<!-- \/ Yoast SEO plugin. -->","yoast_head_json":{"title":"Pecorino romano DOP | Castagna Formaggi","description":"Pecorino produit par une petite entreprise au nord de Rome. Go\u00fbt, ar\u00f4me, texture\u2026tout dans le Pecorino Romano est parfaitement \u00e9quilibr\u00e9 et harmonieux.","robots":{"index":"index","follow":"follow","max-snippet":"max-snippet:-1","max-image-preview":"max-image-preview:large","max-video-preview":"max-video-preview:-1"},"canonical":"https:\/\/www.castagnasrl.com\/fr\/produit\/pecorino-romano-d-o-p\/","og_locale":"fr_FR","og_type":"article","og_title":"Pecorino romano DOP | Castagna Formaggi","og_description":"Pecorino produit par une petite entreprise au nord de Rome. Go\u00fbt, ar\u00f4me, texture\u2026tout dans le Pecorino Romano est parfaitement \u00e9quilibr\u00e9 et harmonieux.","og_url":"https:\/\/www.castagnasrl.com\/fr\/produit\/pecorino-romano-d-o-p\/","og_site_name":"Castagna Formaggi","article_modified_time":"2019-11-11T09:40:20+00:00","og_image":[{"width":358,"height":260,"url":"https:\/\/www.castagnasrl.com\/wp-content\/uploads\/2019\/09\/Pecorino-romano.png","type":"image\/png"}],"twitter_card":"summary_large_image","schema":{"@context":"https:\/\/schema.org","@graph":[{"@type":"WebPage","@id":"https:\/\/www.castagnasrl.com\/fr\/produit\/pecorino-romano-d-o-p\/","url":"https:\/\/www.castagnasrl.com\/fr\/produit\/pecorino-romano-d-o-p\/","name":"Pecorino romano DOP | Castagna Formaggi","isPartOf":{"@id":"https:\/\/www.castagnasrl.com\/#website"},"primaryImageOfPage":{"@id":"https:\/\/www.castagnasrl.com\/fr\/produit\/pecorino-romano-d-o-p\/#primaryimage"},"image":{"@id":"https:\/\/www.castagnasrl.com\/fr\/produit\/pecorino-romano-d-o-p\/#primaryimage"},"thumbnailUrl":"https:\/\/www.castagnasrl.com\/wp-content\/uploads\/2019\/09\/Pecorino-romano.png","datePublished":"2019-10-15T07:39:10+00:00","dateModified":"2019-11-11T09:40:20+00:00","description":"Pecorino produit par une petite entreprise au nord de Rome. Go\u00fbt, ar\u00f4me, texture\u2026tout dans le Pecorino Romano est parfaitement \u00e9quilibr\u00e9 et harmonieux.","breadcrumb":{"@id":"https:\/\/www.castagnasrl.com\/fr\/produit\/pecorino-romano-d-o-p\/#breadcrumb"},"inLanguage":"fr-FR","potentialAction":[{"@type":"ReadAction","target":["https:\/\/www.castagnasrl.com\/fr\/produit\/pecorino-romano-d-o-p\/"]}]},{"@type":"ImageObject","inLanguage":"fr-FR","@id":"https:\/\/www.castagnasrl.com\/fr\/produit\/pecorino-romano-d-o-p\/#primaryimage","url":"https:\/\/www.castagnasrl.com\/wp-content\/uploads\/2019\/09\/Pecorino-romano.png","contentUrl":"https:\/\/www.castagnasrl.com\/wp-content\/uploads\/2019\/09\/Pecorino-romano.png","width":358,"height":260,"caption":"Pecorino romano | Castagna Formaggi"},{"@type":"BreadcrumbList","@id":"https:\/\/www.castagnasrl.com\/fr\/produit\/pecorino-romano-d-o-p\/#breadcrumb","itemListElement":[{"@type":"ListItem","position":1,"name":"Home","item":"https:\/\/www.castagnasrl.com\/fr\/"},{"@type":"ListItem","position":2,"name":"PECORINO ROMANO D.O.P."}]},{"@type":"WebSite","@id":"https:\/\/www.castagnasrl.com\/#website","url":"https:\/\/www.castagnasrl.com\/","name":"Castagna Formaggi","description":"","potentialAction":[{"@type":"SearchAction","target":{"@type":"EntryPoint","urlTemplate":"https:\/\/www.castagnasrl.com\/?s={search_term_string}"},"query-input":{"@type":"PropertyValueSpecification","valueRequired":true,"valueName":"search_term_string"}}],"inLanguage":"fr-FR"}]}},"_links":{"self":[{"href":"https:\/\/www.castagnasrl.com\/fr\/wp-json\/wp\/v2\/product\/7128","targetHints":{"allow":["GET"]}}],"collection":[{"href":"https:\/\/www.castagnasrl.com\/fr\/wp-json\/wp\/v2\/product"}],"about":[{"href":"https:\/\/www.castagnasrl.com\/fr\/wp-json\/wp\/v2\/types\/product"}],"wp:featuredmedia":[{"embeddable":true,"href":"https:\/\/www.castagnasrl.com\/fr\/wp-json\/wp\/v2\/media\/6250"}],"wp:attachment":[{"href":"https:\/\/www.castagnasrl.com\/fr\/wp-json\/wp\/v2\/media?parent=7128"}],"wp:term":[{"taxonomy":"product_brand","embeddable":true,"href":"https:\/\/www.castagnasrl.com\/fr\/wp-json\/wp\/v2\/product_brand?post=7128"},{"taxonomy":"product_cat","embeddable":true,"href":"https:\/\/www.castagnasrl.com\/fr\/wp-json\/wp\/v2\/product_cat?post=7128"},{"taxonomy":"product_tag","embeddable":true,"href":"https:\/\/www.castagnasrl.com\/fr\/wp-json\/wp\/v2\/product_tag?post=7128"}],"curies":[{"name":"wp","href":"https:\/\/api.w.org\/{rel}","templated":true}]}}