{"id":7117,"date":"2019-09-10T15:20:59","date_gmt":"2019-10-15T07:42:09","guid":{"rendered":"https:\/\/www.castagnasrl.com\/product\/mottolino\/"},"modified":"2019-11-11T10:41:40","modified_gmt":"2019-11-11T09:41:40","slug":"mottolino","status":"publish","type":"product","link":"https:\/\/www.castagnasrl.com\/fr\/produit\/mottolino\/","title":{"rendered":"MOTTOLINO"},"content":{"rendered":"<p>Fromage produit avec lait provenant dans les p\u00e2turages de Val Formazza. Les vaches de la race \u00ab\u00a0Bruna Alpina\u00a0\u00bb produisent un lait merveilleux, riche en graisse et prot\u00e9ines. Ce fromage obtenu est gras, souple et doux. La couleur de la p\u00e2te varie du blanc \u00e0 jaune paille en fonction de l&rsquo;alimentation du b\u00e9tail. L&rsquo;assaisonnement a lieu en cave traditionnelle pendant 2 mois environ<\/p>\n","protected":false},"excerpt":{"rendered":"<p>Fromage produit avec lait provenant dans les alpages de Val Formazza. Les vaches de la race \u00a0\u00bb Bruna Alpina\u00a0\u00bb produisent un lait merveilleux, riche en graisse et prot\u00e9ines.<\/p>\n","protected":false},"featured_media":5697,"template":"","meta":{"_acf_changed":false},"product_brand":[],"product_cat":[53],"product_tag":[],"class_list":{"0":"post-7117","1":"product","2":"type-product","3":"status-publish","4":"has-post-thumbnail","6":"product_cat-affines","8":"first","9":"instock","10":"product-type-simple"},"acf":[],"yoast_head":"<!-- This site is optimized with the Yoast SEO plugin v27.1 - https:\/\/yoast.com\/product\/yoast-seo-wordpress\/ -->\n<title>Mottolino | Castagna Formaggi<\/title>\n<meta name=\"description\" content=\"Fromage produit avec lait provenant dans les alpages de Val Formazza. Les vaches de la race &quot; Bruna Alpina&quot; produisent un lait merveilleux, riche en graisse et prot\u00e9ines.\" \/>\n<meta name=\"robots\" content=\"index, follow, max-snippet:-1, max-image-preview:large, max-video-preview:-1\" \/>\n<link rel=\"canonical\" href=\"https:\/\/www.castagnasrl.com\/fr\/produit\/mottolino\/\" \/>\n<meta property=\"og:locale\" content=\"fr_FR\" \/>\n<meta property=\"og:type\" content=\"article\" \/>\n<meta property=\"og:title\" content=\"Mottolino | Castagna Formaggi\" \/>\n<meta property=\"og:description\" content=\"Fromage produit avec lait provenant dans les alpages de Val Formazza. Les vaches de la race &quot; Bruna Alpina&quot; produisent un lait merveilleux, riche en graisse et prot\u00e9ines.\" \/>\n<meta property=\"og:url\" content=\"https:\/\/www.castagnasrl.com\/fr\/produit\/mottolino\/\" \/>\n<meta property=\"og:site_name\" content=\"Castagna Formaggi\" \/>\n<meta property=\"article:modified_time\" content=\"2019-11-11T09:41:40+00:00\" \/>\n<meta property=\"og:image\" content=\"https:\/\/www.castagnasrl.com\/wp-content\/uploads\/2019\/09\/mottolino-1-1024x747.jpg\" \/>\n\t<meta property=\"og:image:width\" content=\"1024\" \/>\n\t<meta property=\"og:image:height\" content=\"747\" \/>\n\t<meta property=\"og:image:type\" content=\"image\/jpeg\" \/>\n<meta name=\"twitter:card\" content=\"summary_large_image\" \/>\n<script type=\"application\/ld+json\" class=\"yoast-schema-graph\">{\"@context\":\"https:\/\/schema.org\",\"@graph\":[{\"@type\":\"WebPage\",\"@id\":\"https:\/\/www.castagnasrl.com\/fr\/produit\/mottolino\/\",\"url\":\"https:\/\/www.castagnasrl.com\/fr\/produit\/mottolino\/\",\"name\":\"Mottolino | Castagna Formaggi\",\"isPartOf\":{\"@id\":\"https:\/\/www.castagnasrl.com\/#website\"},\"primaryImageOfPage\":{\"@id\":\"https:\/\/www.castagnasrl.com\/fr\/produit\/mottolino\/#primaryimage\"},\"image\":{\"@id\":\"https:\/\/www.castagnasrl.com\/fr\/produit\/mottolino\/#primaryimage\"},\"thumbnailUrl\":\"https:\/\/www.castagnasrl.com\/wp-content\/uploads\/2019\/09\/mottolino-1.jpg\",\"datePublished\":\"2019-10-15T07:42:09+00:00\",\"dateModified\":\"2019-11-11T09:41:40+00:00\",\"description\":\"Fromage produit avec lait provenant dans les alpages de Val Formazza. Les vaches de la race \\\" Bruna Alpina\\\" produisent un lait merveilleux, riche en graisse et prot\u00e9ines.\",\"breadcrumb\":{\"@id\":\"https:\/\/www.castagnasrl.com\/fr\/produit\/mottolino\/#breadcrumb\"},\"inLanguage\":\"fr-FR\",\"potentialAction\":[{\"@type\":\"ReadAction\",\"target\":[\"https:\/\/www.castagnasrl.com\/fr\/produit\/mottolino\/\"]}]},{\"@type\":\"ImageObject\",\"inLanguage\":\"fr-FR\",\"@id\":\"https:\/\/www.castagnasrl.com\/fr\/produit\/mottolino\/#primaryimage\",\"url\":\"https:\/\/www.castagnasrl.com\/wp-content\/uploads\/2019\/09\/mottolino-1.jpg\",\"contentUrl\":\"https:\/\/www.castagnasrl.com\/wp-content\/uploads\/2019\/09\/mottolino-1.jpg\",\"width\":4282,\"height\":3122},{\"@type\":\"BreadcrumbList\",\"@id\":\"https:\/\/www.castagnasrl.com\/fr\/produit\/mottolino\/#breadcrumb\",\"itemListElement\":[{\"@type\":\"ListItem\",\"position\":1,\"name\":\"Home\",\"item\":\"https:\/\/www.castagnasrl.com\/fr\/\"},{\"@type\":\"ListItem\",\"position\":2,\"name\":\"MOTTOLINO\"}]},{\"@type\":\"WebSite\",\"@id\":\"https:\/\/www.castagnasrl.com\/#website\",\"url\":\"https:\/\/www.castagnasrl.com\/\",\"name\":\"Castagna Formaggi\",\"description\":\"\",\"potentialAction\":[{\"@type\":\"SearchAction\",\"target\":{\"@type\":\"EntryPoint\",\"urlTemplate\":\"https:\/\/www.castagnasrl.com\/?s={search_term_string}\"},\"query-input\":{\"@type\":\"PropertyValueSpecification\",\"valueRequired\":true,\"valueName\":\"search_term_string\"}}],\"inLanguage\":\"fr-FR\"}]}<\/script>\n<!-- \/ Yoast SEO plugin. -->","yoast_head_json":{"title":"Mottolino | Castagna Formaggi","description":"Fromage produit avec lait provenant dans les alpages de Val Formazza. Les vaches de la race \" Bruna Alpina\" produisent un lait merveilleux, riche en graisse et prot\u00e9ines.","robots":{"index":"index","follow":"follow","max-snippet":"max-snippet:-1","max-image-preview":"max-image-preview:large","max-video-preview":"max-video-preview:-1"},"canonical":"https:\/\/www.castagnasrl.com\/fr\/produit\/mottolino\/","og_locale":"fr_FR","og_type":"article","og_title":"Mottolino | Castagna Formaggi","og_description":"Fromage produit avec lait provenant dans les alpages de Val Formazza. Les vaches de la race \" Bruna Alpina\" produisent un lait merveilleux, riche en graisse et prot\u00e9ines.","og_url":"https:\/\/www.castagnasrl.com\/fr\/produit\/mottolino\/","og_site_name":"Castagna Formaggi","article_modified_time":"2019-11-11T09:41:40+00:00","og_image":[{"width":1024,"height":747,"url":"https:\/\/www.castagnasrl.com\/wp-content\/uploads\/2019\/09\/mottolino-1-1024x747.jpg","type":"image\/jpeg"}],"twitter_card":"summary_large_image","schema":{"@context":"https:\/\/schema.org","@graph":[{"@type":"WebPage","@id":"https:\/\/www.castagnasrl.com\/fr\/produit\/mottolino\/","url":"https:\/\/www.castagnasrl.com\/fr\/produit\/mottolino\/","name":"Mottolino | Castagna Formaggi","isPartOf":{"@id":"https:\/\/www.castagnasrl.com\/#website"},"primaryImageOfPage":{"@id":"https:\/\/www.castagnasrl.com\/fr\/produit\/mottolino\/#primaryimage"},"image":{"@id":"https:\/\/www.castagnasrl.com\/fr\/produit\/mottolino\/#primaryimage"},"thumbnailUrl":"https:\/\/www.castagnasrl.com\/wp-content\/uploads\/2019\/09\/mottolino-1.jpg","datePublished":"2019-10-15T07:42:09+00:00","dateModified":"2019-11-11T09:41:40+00:00","description":"Fromage produit avec lait provenant dans les alpages de Val Formazza. Les vaches de la race \" Bruna Alpina\" produisent un lait merveilleux, riche en graisse et prot\u00e9ines.","breadcrumb":{"@id":"https:\/\/www.castagnasrl.com\/fr\/produit\/mottolino\/#breadcrumb"},"inLanguage":"fr-FR","potentialAction":[{"@type":"ReadAction","target":["https:\/\/www.castagnasrl.com\/fr\/produit\/mottolino\/"]}]},{"@type":"ImageObject","inLanguage":"fr-FR","@id":"https:\/\/www.castagnasrl.com\/fr\/produit\/mottolino\/#primaryimage","url":"https:\/\/www.castagnasrl.com\/wp-content\/uploads\/2019\/09\/mottolino-1.jpg","contentUrl":"https:\/\/www.castagnasrl.com\/wp-content\/uploads\/2019\/09\/mottolino-1.jpg","width":4282,"height":3122},{"@type":"BreadcrumbList","@id":"https:\/\/www.castagnasrl.com\/fr\/produit\/mottolino\/#breadcrumb","itemListElement":[{"@type":"ListItem","position":1,"name":"Home","item":"https:\/\/www.castagnasrl.com\/fr\/"},{"@type":"ListItem","position":2,"name":"MOTTOLINO"}]},{"@type":"WebSite","@id":"https:\/\/www.castagnasrl.com\/#website","url":"https:\/\/www.castagnasrl.com\/","name":"Castagna Formaggi","description":"","potentialAction":[{"@type":"SearchAction","target":{"@type":"EntryPoint","urlTemplate":"https:\/\/www.castagnasrl.com\/?s={search_term_string}"},"query-input":{"@type":"PropertyValueSpecification","valueRequired":true,"valueName":"search_term_string"}}],"inLanguage":"fr-FR"}]}},"_links":{"self":[{"href":"https:\/\/www.castagnasrl.com\/fr\/wp-json\/wp\/v2\/product\/7117","targetHints":{"allow":["GET"]}}],"collection":[{"href":"https:\/\/www.castagnasrl.com\/fr\/wp-json\/wp\/v2\/product"}],"about":[{"href":"https:\/\/www.castagnasrl.com\/fr\/wp-json\/wp\/v2\/types\/product"}],"wp:featuredmedia":[{"embeddable":true,"href":"https:\/\/www.castagnasrl.com\/fr\/wp-json\/wp\/v2\/media\/5697"}],"wp:attachment":[{"href":"https:\/\/www.castagnasrl.com\/fr\/wp-json\/wp\/v2\/media?parent=7117"}],"wp:term":[{"taxonomy":"product_brand","embeddable":true,"href":"https:\/\/www.castagnasrl.com\/fr\/wp-json\/wp\/v2\/product_brand?post=7117"},{"taxonomy":"product_cat","embeddable":true,"href":"https:\/\/www.castagnasrl.com\/fr\/wp-json\/wp\/v2\/product_cat?post=7117"},{"taxonomy":"product_tag","embeddable":true,"href":"https:\/\/www.castagnasrl.com\/fr\/wp-json\/wp\/v2\/product_tag?post=7117"}],"curies":[{"name":"wp","href":"https:\/\/api.w.org\/{rel}","templated":true}]}}