{"id":7101,"date":"2019-10-15T09:42:09","date_gmt":"2019-10-15T07:42:09","guid":{"rendered":"https:\/\/www.castagnasrl.com\/product\/parmigiano-reggiano-dop-3084-oltre-30-mesi\/"},"modified":"2019-11-11T10:43:10","modified_gmt":"2019-11-11T09:43:10","slug":"parmigiano-reggiano-3084-oltre-30-mesi","status":"publish","type":"product","link":"https:\/\/www.castagnasrl.com\/fr\/produit\/parmigiano-reggiano-3084-oltre-30-mesi\/","title":{"rendered":"PARMIGIANO REGGIANO 3084 &#8211; OLTRE 30 MESI"},"content":{"rendered":"<p>Situ\u00e9e \u00e0 la fronti\u00e8re entre les Apennins de Parme et la Toscane, la laiterie de Ravarano Casaselvatica a toujours produit l&rsquo;un des meilleurs Parmigiani. Le Parmigiano \u00e2g\u00e9 de plus de 30 mois est un chef- d&rsquo;\u0153uvre. Dans le silence des entrep\u00f4ts, les formes sont align\u00e9es. Laiss\u00e9 reposer sur des planches en bois, l&rsquo;ext\u00e9rieur du fromage s\u00e8che pour former une cro\u00fbte naturelle, sans traitements, sur lequel la marque c\u00e9l\u00e8bre sera marqu\u00e9. Celle du Parmigiano est une histoire longue et lente qui se d\u00e9roule au rythme naturel des saisons. La p\u00e9riode minimal de maturation est de 12 mois et ce n&rsquo;est qu&rsquo;\u00e0 ce stade qu&rsquo;il sera possible dire si chaque moule pourra conserver le nom qui lui a \u00e9t\u00e9 attribu\u00e9 \u00e0 l&rsquo;origine. L&rsquo;assaisonnement se poursuivra pendant 18 mois.<\/p>\n","protected":false},"excerpt":{"rendered":"<p>Le  Parmigiano \u00e2g\u00e9 de plus de 30 mois est un chef- d&rsquo;\u0153uvre. Laiss\u00e9 reposer sur des planches en bois, l&rsquo;ext\u00e9rieur du fromage s\u00e8che pour former une cro\u00fbte naturelle, sans traitements, sur lequel la marque c\u00e9l\u00e8bre sera marqu\u00e9.<\/p>\n","protected":false},"featured_media":5769,"template":"","meta":{"_acf_changed":false},"product_brand":[],"product_cat":[51],"product_tag":[],"class_list":{"0":"post-7101","1":"product","2":"type-product","3":"status-publish","4":"has-post-thumbnail","6":"product_cat-classiques","8":"first","9":"instock","10":"product-type-simple"},"acf":[],"yoast_head":"<!-- This site is optimized with the Yoast SEO plugin v27.1 - https:\/\/yoast.com\/product\/yoast-seo-wordpress\/ -->\n<title>Parmigiano reggiano DOP oltre 30 mesi | Castagna Formaggi<\/title>\n<meta name=\"description\" content=\"Le Parmigiano \u00e2g\u00e9 de plus de 30 mois est un chef- d&#039;\u0153uvre. Laiss\u00e9 reposer sur des planches en bois, l&#039;ext\u00e9rieur du fromage s\u00e8che pour former une cro\u00fbte naturelle, sans traitements, sur lequel la marque c\u00e9l\u00e8bre sera marqu\u00e9.\" \/>\n<meta name=\"robots\" content=\"index, follow, max-snippet:-1, max-image-preview:large, max-video-preview:-1\" \/>\n<link rel=\"canonical\" href=\"https:\/\/www.castagnasrl.com\/fr\/produit\/parmigiano-reggiano-3084-oltre-30-mesi\/\" \/>\n<meta property=\"og:locale\" content=\"fr_FR\" \/>\n<meta property=\"og:type\" content=\"article\" \/>\n<meta property=\"og:title\" content=\"Parmigiano reggiano DOP oltre 30 mesi | Castagna Formaggi\" \/>\n<meta property=\"og:description\" content=\"Le Parmigiano \u00e2g\u00e9 de plus de 30 mois est un chef- d&#039;\u0153uvre. Laiss\u00e9 reposer sur des planches en bois, l&#039;ext\u00e9rieur du fromage s\u00e8che pour former une cro\u00fbte naturelle, sans traitements, sur lequel la marque c\u00e9l\u00e8bre sera marqu\u00e9.\" \/>\n<meta property=\"og:url\" content=\"https:\/\/www.castagnasrl.com\/fr\/produit\/parmigiano-reggiano-3084-oltre-30-mesi\/\" \/>\n<meta property=\"og:site_name\" content=\"Castagna Formaggi\" \/>\n<meta property=\"article:modified_time\" content=\"2019-11-11T09:43:10+00:00\" \/>\n<meta property=\"og:image\" content=\"https:\/\/www.castagnasrl.com\/wp-content\/uploads\/2019\/09\/parmigiano-reggiano-2-2-1024x815.jpg\" \/>\n\t<meta property=\"og:image:width\" content=\"1024\" \/>\n\t<meta property=\"og:image:height\" content=\"815\" \/>\n\t<meta property=\"og:image:type\" content=\"image\/jpeg\" \/>\n<meta name=\"twitter:card\" content=\"summary_large_image\" \/>\n<meta name=\"twitter:label1\" content=\"Est. reading time\" \/>\n\t<meta name=\"twitter:data1\" content=\"1 minute\" \/>\n<script type=\"application\/ld+json\" class=\"yoast-schema-graph\">{\"@context\":\"https:\/\/schema.org\",\"@graph\":[{\"@type\":\"WebPage\",\"@id\":\"https:\/\/www.castagnasrl.com\/fr\/produit\/parmigiano-reggiano-3084-oltre-30-mesi\/\",\"url\":\"https:\/\/www.castagnasrl.com\/fr\/produit\/parmigiano-reggiano-3084-oltre-30-mesi\/\",\"name\":\"Parmigiano reggiano DOP oltre 30 mesi | Castagna Formaggi\",\"isPartOf\":{\"@id\":\"https:\/\/www.castagnasrl.com\/#website\"},\"primaryImageOfPage\":{\"@id\":\"https:\/\/www.castagnasrl.com\/fr\/produit\/parmigiano-reggiano-3084-oltre-30-mesi\/#primaryimage\"},\"image\":{\"@id\":\"https:\/\/www.castagnasrl.com\/fr\/produit\/parmigiano-reggiano-3084-oltre-30-mesi\/#primaryimage\"},\"thumbnailUrl\":\"https:\/\/www.castagnasrl.com\/wp-content\/uploads\/2019\/09\/parmigiano-reggiano-2-2.jpg\",\"datePublished\":\"2019-10-15T07:42:09+00:00\",\"dateModified\":\"2019-11-11T09:43:10+00:00\",\"description\":\"Le Parmigiano \u00e2g\u00e9 de plus de 30 mois est un chef- d'\u0153uvre. Laiss\u00e9 reposer sur des planches en bois, l'ext\u00e9rieur du fromage s\u00e8che pour former une cro\u00fbte naturelle, sans traitements, sur lequel la marque c\u00e9l\u00e8bre sera marqu\u00e9.\",\"breadcrumb\":{\"@id\":\"https:\/\/www.castagnasrl.com\/fr\/produit\/parmigiano-reggiano-3084-oltre-30-mesi\/#breadcrumb\"},\"inLanguage\":\"fr-FR\",\"potentialAction\":[{\"@type\":\"ReadAction\",\"target\":[\"https:\/\/www.castagnasrl.com\/fr\/produit\/parmigiano-reggiano-3084-oltre-30-mesi\/\"]}]},{\"@type\":\"ImageObject\",\"inLanguage\":\"fr-FR\",\"@id\":\"https:\/\/www.castagnasrl.com\/fr\/produit\/parmigiano-reggiano-3084-oltre-30-mesi\/#primaryimage\",\"url\":\"https:\/\/www.castagnasrl.com\/wp-content\/uploads\/2019\/09\/parmigiano-reggiano-2-2.jpg\",\"contentUrl\":\"https:\/\/www.castagnasrl.com\/wp-content\/uploads\/2019\/09\/parmigiano-reggiano-2-2.jpg\",\"width\":3448,\"height\":2744},{\"@type\":\"BreadcrumbList\",\"@id\":\"https:\/\/www.castagnasrl.com\/fr\/produit\/parmigiano-reggiano-3084-oltre-30-mesi\/#breadcrumb\",\"itemListElement\":[{\"@type\":\"ListItem\",\"position\":1,\"name\":\"Home\",\"item\":\"https:\/\/www.castagnasrl.com\/fr\/\"},{\"@type\":\"ListItem\",\"position\":2,\"name\":\"PARMIGIANO REGGIANO 3084 &#8211; OLTRE 30 MESI\"}]},{\"@type\":\"WebSite\",\"@id\":\"https:\/\/www.castagnasrl.com\/#website\",\"url\":\"https:\/\/www.castagnasrl.com\/\",\"name\":\"Castagna Formaggi\",\"description\":\"\",\"potentialAction\":[{\"@type\":\"SearchAction\",\"target\":{\"@type\":\"EntryPoint\",\"urlTemplate\":\"https:\/\/www.castagnasrl.com\/?s={search_term_string}\"},\"query-input\":{\"@type\":\"PropertyValueSpecification\",\"valueRequired\":true,\"valueName\":\"search_term_string\"}}],\"inLanguage\":\"fr-FR\"}]}<\/script>\n<!-- \/ Yoast SEO plugin. -->","yoast_head_json":{"title":"Parmigiano reggiano DOP oltre 30 mesi | Castagna Formaggi","description":"Le Parmigiano \u00e2g\u00e9 de plus de 30 mois est un chef- d'\u0153uvre. Laiss\u00e9 reposer sur des planches en bois, l'ext\u00e9rieur du fromage s\u00e8che pour former une cro\u00fbte naturelle, sans traitements, sur lequel la marque c\u00e9l\u00e8bre sera marqu\u00e9.","robots":{"index":"index","follow":"follow","max-snippet":"max-snippet:-1","max-image-preview":"max-image-preview:large","max-video-preview":"max-video-preview:-1"},"canonical":"https:\/\/www.castagnasrl.com\/fr\/produit\/parmigiano-reggiano-3084-oltre-30-mesi\/","og_locale":"fr_FR","og_type":"article","og_title":"Parmigiano reggiano DOP oltre 30 mesi | Castagna Formaggi","og_description":"Le Parmigiano \u00e2g\u00e9 de plus de 30 mois est un chef- d'\u0153uvre. Laiss\u00e9 reposer sur des planches en bois, l'ext\u00e9rieur du fromage s\u00e8che pour former une cro\u00fbte naturelle, sans traitements, sur lequel la marque c\u00e9l\u00e8bre sera marqu\u00e9.","og_url":"https:\/\/www.castagnasrl.com\/fr\/produit\/parmigiano-reggiano-3084-oltre-30-mesi\/","og_site_name":"Castagna Formaggi","article_modified_time":"2019-11-11T09:43:10+00:00","og_image":[{"width":1024,"height":815,"url":"https:\/\/www.castagnasrl.com\/wp-content\/uploads\/2019\/09\/parmigiano-reggiano-2-2-1024x815.jpg","type":"image\/jpeg"}],"twitter_card":"summary_large_image","twitter_misc":{"Est. reading time":"1 minute"},"schema":{"@context":"https:\/\/schema.org","@graph":[{"@type":"WebPage","@id":"https:\/\/www.castagnasrl.com\/fr\/produit\/parmigiano-reggiano-3084-oltre-30-mesi\/","url":"https:\/\/www.castagnasrl.com\/fr\/produit\/parmigiano-reggiano-3084-oltre-30-mesi\/","name":"Parmigiano reggiano DOP oltre 30 mesi | Castagna Formaggi","isPartOf":{"@id":"https:\/\/www.castagnasrl.com\/#website"},"primaryImageOfPage":{"@id":"https:\/\/www.castagnasrl.com\/fr\/produit\/parmigiano-reggiano-3084-oltre-30-mesi\/#primaryimage"},"image":{"@id":"https:\/\/www.castagnasrl.com\/fr\/produit\/parmigiano-reggiano-3084-oltre-30-mesi\/#primaryimage"},"thumbnailUrl":"https:\/\/www.castagnasrl.com\/wp-content\/uploads\/2019\/09\/parmigiano-reggiano-2-2.jpg","datePublished":"2019-10-15T07:42:09+00:00","dateModified":"2019-11-11T09:43:10+00:00","description":"Le Parmigiano \u00e2g\u00e9 de plus de 30 mois est un chef- d'\u0153uvre. Laiss\u00e9 reposer sur des planches en bois, l'ext\u00e9rieur du fromage s\u00e8che pour former une cro\u00fbte naturelle, sans traitements, sur lequel la marque c\u00e9l\u00e8bre sera marqu\u00e9.","breadcrumb":{"@id":"https:\/\/www.castagnasrl.com\/fr\/produit\/parmigiano-reggiano-3084-oltre-30-mesi\/#breadcrumb"},"inLanguage":"fr-FR","potentialAction":[{"@type":"ReadAction","target":["https:\/\/www.castagnasrl.com\/fr\/produit\/parmigiano-reggiano-3084-oltre-30-mesi\/"]}]},{"@type":"ImageObject","inLanguage":"fr-FR","@id":"https:\/\/www.castagnasrl.com\/fr\/produit\/parmigiano-reggiano-3084-oltre-30-mesi\/#primaryimage","url":"https:\/\/www.castagnasrl.com\/wp-content\/uploads\/2019\/09\/parmigiano-reggiano-2-2.jpg","contentUrl":"https:\/\/www.castagnasrl.com\/wp-content\/uploads\/2019\/09\/parmigiano-reggiano-2-2.jpg","width":3448,"height":2744},{"@type":"BreadcrumbList","@id":"https:\/\/www.castagnasrl.com\/fr\/produit\/parmigiano-reggiano-3084-oltre-30-mesi\/#breadcrumb","itemListElement":[{"@type":"ListItem","position":1,"name":"Home","item":"https:\/\/www.castagnasrl.com\/fr\/"},{"@type":"ListItem","position":2,"name":"PARMIGIANO REGGIANO 3084 &#8211; OLTRE 30 MESI"}]},{"@type":"WebSite","@id":"https:\/\/www.castagnasrl.com\/#website","url":"https:\/\/www.castagnasrl.com\/","name":"Castagna Formaggi","description":"","potentialAction":[{"@type":"SearchAction","target":{"@type":"EntryPoint","urlTemplate":"https:\/\/www.castagnasrl.com\/?s={search_term_string}"},"query-input":{"@type":"PropertyValueSpecification","valueRequired":true,"valueName":"search_term_string"}}],"inLanguage":"fr-FR"}]}},"_links":{"self":[{"href":"https:\/\/www.castagnasrl.com\/fr\/wp-json\/wp\/v2\/product\/7101","targetHints":{"allow":["GET"]}}],"collection":[{"href":"https:\/\/www.castagnasrl.com\/fr\/wp-json\/wp\/v2\/product"}],"about":[{"href":"https:\/\/www.castagnasrl.com\/fr\/wp-json\/wp\/v2\/types\/product"}],"wp:featuredmedia":[{"embeddable":true,"href":"https:\/\/www.castagnasrl.com\/fr\/wp-json\/wp\/v2\/media\/5769"}],"wp:attachment":[{"href":"https:\/\/www.castagnasrl.com\/fr\/wp-json\/wp\/v2\/media?parent=7101"}],"wp:term":[{"taxonomy":"product_brand","embeddable":true,"href":"https:\/\/www.castagnasrl.com\/fr\/wp-json\/wp\/v2\/product_brand?post=7101"},{"taxonomy":"product_cat","embeddable":true,"href":"https:\/\/www.castagnasrl.com\/fr\/wp-json\/wp\/v2\/product_cat?post=7101"},{"taxonomy":"product_tag","embeddable":true,"href":"https:\/\/www.castagnasrl.com\/fr\/wp-json\/wp\/v2\/product_tag?post=7101"}],"curies":[{"name":"wp","href":"https:\/\/api.w.org\/{rel}","templated":true}]}}