{"id":7091,"date":"2019-09-10T15:23:34","date_gmt":"2019-10-15T07:42:09","guid":{"rendered":"https:\/\/www.castagnasrl.com\/product\/montagne\/"},"modified":"2019-11-11T10:42:29","modified_gmt":"2019-11-11T09:42:29","slug":"montagne","status":"publish","type":"product","link":"https:\/\/www.castagnasrl.com\/fr\/produit\/montagne\/","title":{"rendered":"MONTAGNE\u00ae"},"content":{"rendered":"<p>Fromage artisanal caract\u00e9ris\u00e9 par une forme particuli\u00e8re \u00e0 \u00ab\u00a0Montagne\u00a0\u00bb produit dans une petite laiterie du Pi\u00e9mont. Produit avec lait de vache cru, affin\u00e9 en grotte, il poss\u00e8de une p\u00e2te \u00e9lastique, fondante en bouche, avec des ouvertures diffuses, rondes et irr\u00e9guli\u00e8res. En bouche il est structur\u00e9, sapide.<\/p>\n","protected":false},"excerpt":{"rendered":"<p>Fromage artisanal produit dans une petite laiterie du Pi\u00e9mont. En bouche il est structur\u00e9, sapide.<\/p>\n","protected":false},"featured_media":5739,"template":"","meta":{"_acf_changed":false},"product_brand":[],"product_cat":[53],"product_tag":[],"class_list":{"0":"post-7091","1":"product","2":"type-product","3":"status-publish","4":"has-post-thumbnail","6":"product_cat-affines","8":"first","9":"instock","10":"product-type-simple"},"acf":[],"yoast_head":"<!-- This site is optimized with the Yoast SEO plugin v27.1 - https:\/\/yoast.com\/product\/yoast-seo-wordpress\/ -->\n<title>Montagne\u00ae | Castagna Formaggi<\/title>\n<meta name=\"description\" content=\"Fromage artisanal produit dans une petite laiterie du Pi\u00e9mont. En bouche il est structur\u00e9, sapide.\" \/>\n<meta name=\"robots\" content=\"index, follow, max-snippet:-1, max-image-preview:large, max-video-preview:-1\" \/>\n<link rel=\"canonical\" href=\"https:\/\/www.castagnasrl.com\/fr\/produit\/montagne\/\" \/>\n<meta property=\"og:locale\" content=\"fr_FR\" \/>\n<meta property=\"og:type\" content=\"article\" \/>\n<meta property=\"og:title\" content=\"Montagne\u00ae | Castagna Formaggi\" \/>\n<meta property=\"og:description\" content=\"Fromage artisanal produit dans une petite laiterie du Pi\u00e9mont. En bouche il est structur\u00e9, sapide.\" \/>\n<meta property=\"og:url\" content=\"https:\/\/www.castagnasrl.com\/fr\/produit\/montagne\/\" \/>\n<meta property=\"og:site_name\" content=\"Castagna Formaggi\" \/>\n<meta property=\"article:modified_time\" content=\"2019-11-11T09:42:29+00:00\" \/>\n<meta property=\"og:image\" content=\"https:\/\/www.castagnasrl.com\/wp-content\/uploads\/2019\/09\/montagne-nuovo-1-1024x907.jpg\" \/>\n\t<meta property=\"og:image:width\" content=\"1024\" \/>\n\t<meta property=\"og:image:height\" content=\"907\" \/>\n\t<meta property=\"og:image:type\" content=\"image\/jpeg\" \/>\n<meta name=\"twitter:card\" content=\"summary_large_image\" \/>\n<script type=\"application\/ld+json\" class=\"yoast-schema-graph\">{\"@context\":\"https:\/\/schema.org\",\"@graph\":[{\"@type\":\"WebPage\",\"@id\":\"https:\/\/www.castagnasrl.com\/fr\/produit\/montagne\/\",\"url\":\"https:\/\/www.castagnasrl.com\/fr\/produit\/montagne\/\",\"name\":\"Montagne\u00ae | Castagna Formaggi\",\"isPartOf\":{\"@id\":\"https:\/\/www.castagnasrl.com\/#website\"},\"primaryImageOfPage\":{\"@id\":\"https:\/\/www.castagnasrl.com\/fr\/produit\/montagne\/#primaryimage\"},\"image\":{\"@id\":\"https:\/\/www.castagnasrl.com\/fr\/produit\/montagne\/#primaryimage\"},\"thumbnailUrl\":\"https:\/\/www.castagnasrl.com\/wp-content\/uploads\/2019\/09\/montagne-nuovo-1.jpg\",\"datePublished\":\"2019-10-15T07:42:09+00:00\",\"dateModified\":\"2019-11-11T09:42:29+00:00\",\"description\":\"Fromage artisanal produit dans une petite laiterie du Pi\u00e9mont. En bouche il est structur\u00e9, sapide.\",\"breadcrumb\":{\"@id\":\"https:\/\/www.castagnasrl.com\/fr\/produit\/montagne\/#breadcrumb\"},\"inLanguage\":\"fr-FR\",\"potentialAction\":[{\"@type\":\"ReadAction\",\"target\":[\"https:\/\/www.castagnasrl.com\/fr\/produit\/montagne\/\"]}]},{\"@type\":\"ImageObject\",\"inLanguage\":\"fr-FR\",\"@id\":\"https:\/\/www.castagnasrl.com\/fr\/produit\/montagne\/#primaryimage\",\"url\":\"https:\/\/www.castagnasrl.com\/wp-content\/uploads\/2019\/09\/montagne-nuovo-1.jpg\",\"contentUrl\":\"https:\/\/www.castagnasrl.com\/wp-content\/uploads\/2019\/09\/montagne-nuovo-1.jpg\",\"width\":3167,\"height\":2805},{\"@type\":\"BreadcrumbList\",\"@id\":\"https:\/\/www.castagnasrl.com\/fr\/produit\/montagne\/#breadcrumb\",\"itemListElement\":[{\"@type\":\"ListItem\",\"position\":1,\"name\":\"Home\",\"item\":\"https:\/\/www.castagnasrl.com\/fr\/\"},{\"@type\":\"ListItem\",\"position\":2,\"name\":\"MONTAGNE\u00ae\"}]},{\"@type\":\"WebSite\",\"@id\":\"https:\/\/www.castagnasrl.com\/#website\",\"url\":\"https:\/\/www.castagnasrl.com\/\",\"name\":\"Castagna Formaggi\",\"description\":\"\",\"potentialAction\":[{\"@type\":\"SearchAction\",\"target\":{\"@type\":\"EntryPoint\",\"urlTemplate\":\"https:\/\/www.castagnasrl.com\/?s={search_term_string}\"},\"query-input\":{\"@type\":\"PropertyValueSpecification\",\"valueRequired\":true,\"valueName\":\"search_term_string\"}}],\"inLanguage\":\"fr-FR\"}]}<\/script>\n<!-- \/ Yoast SEO plugin. -->","yoast_head_json":{"title":"Montagne\u00ae | Castagna Formaggi","description":"Fromage artisanal produit dans une petite laiterie du Pi\u00e9mont. En bouche il est structur\u00e9, sapide.","robots":{"index":"index","follow":"follow","max-snippet":"max-snippet:-1","max-image-preview":"max-image-preview:large","max-video-preview":"max-video-preview:-1"},"canonical":"https:\/\/www.castagnasrl.com\/fr\/produit\/montagne\/","og_locale":"fr_FR","og_type":"article","og_title":"Montagne\u00ae | Castagna Formaggi","og_description":"Fromage artisanal produit dans une petite laiterie du Pi\u00e9mont. En bouche il est structur\u00e9, sapide.","og_url":"https:\/\/www.castagnasrl.com\/fr\/produit\/montagne\/","og_site_name":"Castagna Formaggi","article_modified_time":"2019-11-11T09:42:29+00:00","og_image":[{"width":1024,"height":907,"url":"https:\/\/www.castagnasrl.com\/wp-content\/uploads\/2019\/09\/montagne-nuovo-1-1024x907.jpg","type":"image\/jpeg"}],"twitter_card":"summary_large_image","schema":{"@context":"https:\/\/schema.org","@graph":[{"@type":"WebPage","@id":"https:\/\/www.castagnasrl.com\/fr\/produit\/montagne\/","url":"https:\/\/www.castagnasrl.com\/fr\/produit\/montagne\/","name":"Montagne\u00ae | Castagna Formaggi","isPartOf":{"@id":"https:\/\/www.castagnasrl.com\/#website"},"primaryImageOfPage":{"@id":"https:\/\/www.castagnasrl.com\/fr\/produit\/montagne\/#primaryimage"},"image":{"@id":"https:\/\/www.castagnasrl.com\/fr\/produit\/montagne\/#primaryimage"},"thumbnailUrl":"https:\/\/www.castagnasrl.com\/wp-content\/uploads\/2019\/09\/montagne-nuovo-1.jpg","datePublished":"2019-10-15T07:42:09+00:00","dateModified":"2019-11-11T09:42:29+00:00","description":"Fromage artisanal produit dans une petite laiterie du Pi\u00e9mont. En bouche il est structur\u00e9, sapide.","breadcrumb":{"@id":"https:\/\/www.castagnasrl.com\/fr\/produit\/montagne\/#breadcrumb"},"inLanguage":"fr-FR","potentialAction":[{"@type":"ReadAction","target":["https:\/\/www.castagnasrl.com\/fr\/produit\/montagne\/"]}]},{"@type":"ImageObject","inLanguage":"fr-FR","@id":"https:\/\/www.castagnasrl.com\/fr\/produit\/montagne\/#primaryimage","url":"https:\/\/www.castagnasrl.com\/wp-content\/uploads\/2019\/09\/montagne-nuovo-1.jpg","contentUrl":"https:\/\/www.castagnasrl.com\/wp-content\/uploads\/2019\/09\/montagne-nuovo-1.jpg","width":3167,"height":2805},{"@type":"BreadcrumbList","@id":"https:\/\/www.castagnasrl.com\/fr\/produit\/montagne\/#breadcrumb","itemListElement":[{"@type":"ListItem","position":1,"name":"Home","item":"https:\/\/www.castagnasrl.com\/fr\/"},{"@type":"ListItem","position":2,"name":"MONTAGNE\u00ae"}]},{"@type":"WebSite","@id":"https:\/\/www.castagnasrl.com\/#website","url":"https:\/\/www.castagnasrl.com\/","name":"Castagna Formaggi","description":"","potentialAction":[{"@type":"SearchAction","target":{"@type":"EntryPoint","urlTemplate":"https:\/\/www.castagnasrl.com\/?s={search_term_string}"},"query-input":{"@type":"PropertyValueSpecification","valueRequired":true,"valueName":"search_term_string"}}],"inLanguage":"fr-FR"}]}},"_links":{"self":[{"href":"https:\/\/www.castagnasrl.com\/fr\/wp-json\/wp\/v2\/product\/7091","targetHints":{"allow":["GET"]}}],"collection":[{"href":"https:\/\/www.castagnasrl.com\/fr\/wp-json\/wp\/v2\/product"}],"about":[{"href":"https:\/\/www.castagnasrl.com\/fr\/wp-json\/wp\/v2\/types\/product"}],"wp:featuredmedia":[{"embeddable":true,"href":"https:\/\/www.castagnasrl.com\/fr\/wp-json\/wp\/v2\/media\/5739"}],"wp:attachment":[{"href":"https:\/\/www.castagnasrl.com\/fr\/wp-json\/wp\/v2\/media?parent=7091"}],"wp:term":[{"taxonomy":"product_brand","embeddable":true,"href":"https:\/\/www.castagnasrl.com\/fr\/wp-json\/wp\/v2\/product_brand?post=7091"},{"taxonomy":"product_cat","embeddable":true,"href":"https:\/\/www.castagnasrl.com\/fr\/wp-json\/wp\/v2\/product_cat?post=7091"},{"taxonomy":"product_tag","embeddable":true,"href":"https:\/\/www.castagnasrl.com\/fr\/wp-json\/wp\/v2\/product_tag?post=7091"}],"curies":[{"name":"wp","href":"https:\/\/api.w.org\/{rel}","templated":true}]}}